{"id":962,"date":"2014-04-30T14:03:37","date_gmt":"2014-04-30T17:03:37","guid":{"rendered":"http:\/\/www.cenedcursos.com.br\/?page_id=962"},"modified":"2014-04-30T14:03:37","modified_gmt":"2014-04-30T17:03:37","slug":"quem-somos","status":"publish","type":"page","link":"https:\/\/cenedcursos.com.br\/meio-ambiente\/quem-somos\/","title":{"rendered":"Quem Somos"},"content":{"rendered":"<p>O Centro Nacional de Educa\u00e7\u00e3o a Dist\u00e2ncia (CENED) oferece forma\u00e7\u00e3o em diversas \u00e1reas do conhecimento atrav\u00e9s da modalidade de Educa\u00e7\u00e3o a Dist\u00e2ncia. Trabalhamos com seriedade, honestidade e compromisso desde 2006 para levar ao aluno Educa\u00e7\u00e3o de qualidade e comprometida.<\/p>\n<p><strong>Nossa Miss\u00e3o<\/strong><\/p>\n<p>Educa\u00e7\u00e3o de qualidade, para o crescimento individual e coletivo de nossos alunos, objetivando uma melhor qualidade de vida, em todas as suas dimens\u00f5es.<\/p>\n<p><strong>Valores<\/strong><\/p>\n<ul>\n<li>Trabalho s\u00e9rio, honesto e comprometido<\/li>\n<li>Educa\u00e7\u00e3o para melhoria na qualidade vida<\/li>\n<li>Atendimento de qualidade<\/li>\n<\/ul>\n<p><strong>Nossos dados<\/strong><\/p>\n<p>Raz\u00e3o social:\u00a0Centro Nacional de Educa\u00e7\u00e3o a Dist\u00e2ncia<br \/>\nCNPJ:\u00a008.247.276\/0001-80<br \/>\nEndere\u00e7o:\u00a0Av. M\u00e3e Apolin\u00e1ria M. Batista, 300, sala 304 &#8211; 91450-510 &#8211; Porto Alegre, RS<br \/>\nTel.:\u00a0(51) 3019-1465<\/p>\n","protected":false},"excerpt":{"rendered":"<p>O Centro Nacional de Educa\u00e7\u00e3o a Dist\u00e2ncia (CENED) oferece forma\u00e7\u00e3o em diversas \u00e1reas do conhecimento atrav\u00e9s da modalidade de Educa\u00e7\u00e3o a Dist\u00e2ncia. Trabalhamos com seriedade, honestidade e compromisso desde 2006 para levar ao aluno Educa\u00e7\u00e3o de qualidade e comprometida. Nossa Miss\u00e3o Educa\u00e7\u00e3o de qualidade, para o crescimento individual e coletivo de nossos alunos, objetivando uma [&hellip;]<\/p>\n","protected":false},"author":1,"featured_media":0,"parent":0,"menu_order":0,"comment_status":"open","ping_status":"open","template":"","meta":{"footnotes":""},"class_list":["post-962","page","type-page","status-publish"],"yoast_head":"<!-- This site is optimized with the Yoast SEO plugin v25.1 - https:\/\/yoast.com\/wordpress\/plugins\/seo\/ -->\n<title>Quem Somos - CENED Cursos Online<\/title>\n<meta name=\"robots\" content=\"index, follow, max-snippet:-1, max-image-preview:large, max-video-preview:-1\" \/>\n<link rel=\"canonical\" href=\"https:\/\/cenedcursos.com.br\/meio-ambiente\/quem-somos\/\" \/>\n<meta property=\"og:locale\" content=\"pt_BR\" \/>\n<meta property=\"og:type\" content=\"article\" \/>\n<meta property=\"og:title\" content=\"Quem Somos - CENED Cursos Online\" \/>\n<meta property=\"og:description\" content=\"O Centro Nacional de Educa\u00e7\u00e3o a Dist\u00e2ncia (CENED) oferece forma\u00e7\u00e3o em diversas \u00e1reas do conhecimento atrav\u00e9s da modalidade de Educa\u00e7\u00e3o a Dist\u00e2ncia. Trabalhamos com seriedade, honestidade e compromisso desde 2006 para levar ao aluno Educa\u00e7\u00e3o de qualidade e comprometida. Nossa Miss\u00e3o Educa\u00e7\u00e3o de qualidade, para o crescimento individual e coletivo de nossos alunos, objetivando uma [&hellip;]\" \/>\n<meta property=\"og:url\" content=\"https:\/\/cenedcursos.com.br\/meio-ambiente\/quem-somos\/\" \/>\n<meta property=\"og:site_name\" content=\"CENED Cursos Online\" \/>\n<meta name=\"twitter:card\" content=\"summary_large_image\" \/>\n<meta name=\"twitter:label1\" content=\"Est. tempo de leitura\" \/>\n\t<meta name=\"twitter:data1\" content=\"1 minuto\" \/>\n<script type=\"application\/ld+json\" class=\"yoast-schema-graph\">{\"@context\":\"https:\/\/schema.org\",\"@graph\":[{\"@type\":\"WebPage\",\"@id\":\"https:\/\/cenedcursos.com.br\/meio-ambiente\/quem-somos\/\",\"url\":\"https:\/\/cenedcursos.com.br\/meio-ambiente\/quem-somos\/\",\"name\":\"Quem Somos - CENED Cursos Online\",\"isPartOf\":{\"@id\":\"https:\/\/cenedcursos.com.br\/meio-ambiente\/#website\"},\"datePublished\":\"2014-04-30T17:03:37+00:00\",\"breadcrumb\":{\"@id\":\"https:\/\/cenedcursos.com.br\/meio-ambiente\/quem-somos\/#breadcrumb\"},\"inLanguage\":\"pt-BR\",\"potentialAction\":[{\"@type\":\"ReadAction\",\"target\":[\"https:\/\/cenedcursos.com.br\/meio-ambiente\/quem-somos\/\"]}]},{\"@type\":\"BreadcrumbList\",\"@id\":\"https:\/\/cenedcursos.com.br\/meio-ambiente\/quem-somos\/#breadcrumb\",\"itemListElement\":[{\"@type\":\"ListItem\",\"position\":1,\"name\":\"In\u00edcio\",\"item\":\"https:\/\/cenedcursos.com.br\/meio-ambiente\/\"},{\"@type\":\"ListItem\",\"position\":2,\"name\":\"Quem Somos\"}]},{\"@type\":\"WebSite\",\"@id\":\"https:\/\/cenedcursos.com.br\/meio-ambiente\/#website\",\"url\":\"https:\/\/cenedcursos.com.br\/meio-ambiente\/\",\"name\":\"CENED Cursos Online\",\"description\":\"Aqui voc\u00ea encontra artigos em diversas \u00e1reas do conhecimento: meio ambiente, educa\u00e7\u00e3o, marketing digital, neg\u00f3cios online e muito mais.\",\"potentialAction\":[{\"@type\":\"SearchAction\",\"target\":{\"@type\":\"EntryPoint\",\"urlTemplate\":\"https:\/\/cenedcursos.com.br\/meio-ambiente\/?s={search_term_string}\"},\"query-input\":{\"@type\":\"PropertyValueSpecification\",\"valueRequired\":true,\"valueName\":\"search_term_string\"}}],\"inLanguage\":\"pt-BR\"}]}<\/script>\n<!-- \/ Yoast SEO plugin. -->","yoast_head_json":{"title":"Quem Somos - CENED Cursos Online","robots":{"index":"index","follow":"follow","max-snippet":"max-snippet:-1","max-image-preview":"max-image-preview:large","max-video-preview":"max-video-preview:-1"},"canonical":"https:\/\/cenedcursos.com.br\/meio-ambiente\/quem-somos\/","og_locale":"pt_BR","og_type":"article","og_title":"Quem Somos - CENED Cursos Online","og_description":"O Centro Nacional de Educa\u00e7\u00e3o a Dist\u00e2ncia (CENED) oferece forma\u00e7\u00e3o em diversas \u00e1reas do conhecimento atrav\u00e9s da modalidade de Educa\u00e7\u00e3o a Dist\u00e2ncia. Trabalhamos com seriedade, honestidade e compromisso desde 2006 para levar ao aluno Educa\u00e7\u00e3o de qualidade e comprometida. Nossa Miss\u00e3o Educa\u00e7\u00e3o de qualidade, para o crescimento individual e coletivo de nossos alunos, objetivando uma [&hellip;]","og_url":"https:\/\/cenedcursos.com.br\/meio-ambiente\/quem-somos\/","og_site_name":"CENED Cursos Online","twitter_card":"summary_large_image","twitter_misc":{"Est. tempo de leitura":"1 minuto"},"schema":{"@context":"https:\/\/schema.org","@graph":[{"@type":"WebPage","@id":"https:\/\/cenedcursos.com.br\/meio-ambiente\/quem-somos\/","url":"https:\/\/cenedcursos.com.br\/meio-ambiente\/quem-somos\/","name":"Quem Somos - CENED Cursos Online","isPartOf":{"@id":"https:\/\/cenedcursos.com.br\/meio-ambiente\/#website"},"datePublished":"2014-04-30T17:03:37+00:00","breadcrumb":{"@id":"https:\/\/cenedcursos.com.br\/meio-ambiente\/quem-somos\/#breadcrumb"},"inLanguage":"pt-BR","potentialAction":[{"@type":"ReadAction","target":["https:\/\/cenedcursos.com.br\/meio-ambiente\/quem-somos\/"]}]},{"@type":"BreadcrumbList","@id":"https:\/\/cenedcursos.com.br\/meio-ambiente\/quem-somos\/#breadcrumb","itemListElement":[{"@type":"ListItem","position":1,"name":"In\u00edcio","item":"https:\/\/cenedcursos.com.br\/meio-ambiente\/"},{"@type":"ListItem","position":2,"name":"Quem Somos"}]},{"@type":"WebSite","@id":"https:\/\/cenedcursos.com.br\/meio-ambiente\/#website","url":"https:\/\/cenedcursos.com.br\/meio-ambiente\/","name":"CENED Cursos Online","description":"Aqui voc\u00ea encontra artigos em diversas \u00e1reas do conhecimento: meio ambiente, educa\u00e7\u00e3o, marketing digital, neg\u00f3cios online e muito mais.","potentialAction":[{"@type":"SearchAction","target":{"@type":"EntryPoint","urlTemplate":"https:\/\/cenedcursos.com.br\/meio-ambiente\/?s={search_term_string}"},"query-input":{"@type":"PropertyValueSpecification","valueRequired":true,"valueName":"search_term_string"}}],"inLanguage":"pt-BR"}]}},"jetpack_sharing_enabled":true,"_links":{"self":[{"href":"https:\/\/cenedcursos.com.br\/meio-ambiente\/wp-json\/wp\/v2\/pages\/962","targetHints":{"allow":["GET"]}}],"collection":[{"href":"https:\/\/cenedcursos.com.br\/meio-ambiente\/wp-json\/wp\/v2\/pages"}],"about":[{"href":"https:\/\/cenedcursos.com.br\/meio-ambiente\/wp-json\/wp\/v2\/types\/page"}],"author":[{"embeddable":true,"href":"https:\/\/cenedcursos.com.br\/meio-ambiente\/wp-json\/wp\/v2\/users\/1"}],"replies":[{"embeddable":true,"href":"https:\/\/cenedcursos.com.br\/meio-ambiente\/wp-json\/wp\/v2\/comments?post=962"}],"version-history":[{"count":0,"href":"https:\/\/cenedcursos.com.br\/meio-ambiente\/wp-json\/wp\/v2\/pages\/962\/revisions"}],"wp:attachment":[{"href":"https:\/\/cenedcursos.com.br\/meio-ambiente\/wp-json\/wp\/v2\/media?parent=962"}],"curies":[{"name":"wp","href":"https:\/\/api.w.org\/{rel}","templated":true}]}}