{"id":1233,"date":"2017-06-29T19:47:28","date_gmt":"2017-06-29T19:47:28","guid":{"rendered":"http:\/\/cenedcursos.com.br\/posgraduacao\/?post_type=product&#038;p=1233"},"modified":"2022-10-06T18:50:03","modified_gmt":"2022-10-06T18:50:03","slug":"engenharia-ambiental","status":"publish","type":"product","link":"https:\/\/cenedcursos.com.br\/posgraduacao\/produto\/engenharia-ambiental\/","title":{"rendered":"Engenharia Ambiental"},"content":{"rendered":"<p style=\"text-align: justify;\"><span style=\"color: #000000;\"><strong><span style=\"font-size: 140%;\">P\u00f3s-Gradua\u00e7\u00e3o em Engenharia Ambiental<\/span><\/strong><\/span><\/p>\n<p style=\"text-align: justify;\"><span style=\"color: #000000;\">Este curso oferece treinamento em todos os aspectos do fornecimento de \u00e1gua limpa, controle da polui\u00e7\u00e3o e prote\u00e7\u00e3o da sa\u00fade p\u00fablica, tratamento de \u00e1guas residuais, controle da polui\u00e7\u00e3o do ar e gerenciamento de res\u00edduos s\u00f3lidos. Os problemas dos pa\u00edses industrializados e menos desenvolvidos s\u00e3o abordados em detalhes.<\/span><\/p>\n<h4 id=\"ui-id-3\" class=\"qodef-accordion-title ui-accordion-header ui-state-default ui-accordion-header-active ui-state-active ui-corner-top\" style=\"text-align: justify;\" tabindex=\"0\" role=\"tab\" aria-controls=\"ui-id-4\" aria-selected=\"true\" aria-expanded=\"true\"><span class=\"qodef-tab-title\" style=\"color: #000000;\">Objetivo<\/span><\/h4>\n<div id=\"ui-id-4\" class=\"qodef-accordion-content ui-accordion-content ui-helper-reset ui-widget-content ui-corner-bottom ui-accordion-content-active\" style=\"text-align: justify;\" role=\"tabpanel\" aria-labelledby=\"ui-id-3\" aria-hidden=\"false\">\n<div class=\"qodef-accordion-content-inner\">\n<div class=\"wpb_text_column wpb_content_element \">\n<div class=\"wpb_wrapper\"><span style=\"color: #000000;\">Obter as habilidades necess\u00e1rias para explorar, avaliar criticamente e produzir solu\u00e7\u00f5es sistem\u00e1ticas e coerentes.<\/span><\/div>\n<\/div>\n<\/div>\n<\/div>\n<h4 id=\"ui-id-5\" class=\"qodef-accordion-title ui-accordion-header ui-state-default ui-corner-all ui-state-focus\" style=\"text-align: justify;\" tabindex=\"-1\" role=\"tab\" aria-controls=\"ui-id-6\" aria-selected=\"false\" aria-expanded=\"false\"><span class=\"qodef-tab-title\" style=\"color: #000000;\">P\u00fablico Alvo<\/span><\/h4>\n<p style=\"text-align: justify;\"><span style=\"color: #000000;\">O curso de p\u00f3s-gradua\u00e7\u00e3o em Engenharia Ambiental \u00e9 destinado aos portadores de diplomas de Engenharias e afins, como Engenharia Florestal, Civil, Produ\u00e7\u00e3o, Qu\u00edmica e outras, bem como, aos profissionais atuantes na \u00e1rea ambiental, como ambientalistas, fiscal ambiental, entre outros. O curso \u00e9 estendido aos profissionais das demais \u00e1reas que desejam adquirir conhecimento interdisciplinar no objeto do curso.<\/span><\/p>\n<table style=\"border-collapse: collapse; width: 100%;\">\n<tbody>\n<tr>\n<th style=\"width: 8.10157%;\"><span style=\"color: #000000;\">M\u00d3DULO<\/span><\/th>\n<th style=\"width: 88.3918%;\"><span style=\"color: #000000;\">DISCIPLINA<\/span><\/th>\n<th style=\"width: 3.38573%;\"><span style=\"color: #000000;\">CH<\/span><\/th>\n<\/tr>\n<tr>\n<th style=\"width: 8.10157%;\"><span style=\"color: #000000;\">1<\/span><\/th>\n<td style=\"width: 88.3918%;\">\n<div class=\"qodef-accordion-holder qodef-ac-default  qodef-toggle clearfix accordion ui-accordion ui-accordion-icons ui-widget ui-helper-reset\">\n<h4 class=\"qodef-accordion-title ui-accordion-header ui-corner-top ui-accordion-header-active ui-state-active ui-state-hover\"><span class=\"qodef-tab-title\" style=\"color: #000000;\">Doc\u00eancia no Ensino Superior<\/span><\/h4>\n<div class=\"qodef-accordion-content ui-accordion-content ui-helper-reset ui-widget-content ui-corner-bottom ui-accordion-content-active\" role=\"tabpanel\" aria-hidden=\"true\">\n<div class=\"qodef-accordion-content-inner\">\n<div class=\"wpb_text_column wpb_content_element\">\n<div class=\"wpb_wrapper\">\n<p style=\"text-align: justify;\"><span style=\"color: #000000;\">O Ensino Superior no Brasil. A Universidade na Sociedade. Legisla\u00e7\u00e3o da Educa\u00e7\u00e3o Superior. A Pr\u00e1tica Docente no Contexto da LDB (Lei n.\u00ba 9.394\/96). As Teorias Pedag\u00f3gicas. A Did\u00e1tica: Defini\u00e7\u00e3o e Import\u00e2ncia no Ensino Superior. Planejamento do Ensino. Elabora\u00e7\u00e3o de Planos de Ensino e Pr\u00e1tica Docente. Avalia\u00e7\u00e3o Educacional. Ambiente Virtual de Aprendizagem e Tecnologias para o Ensino. Intera\u00e7\u00f5es em Sala de Aula EAD e Presencial: O Papel dos Professores e dos Alunos.<\/span><\/p>\n<\/div>\n<\/div>\n<\/div>\n<\/div>\n<\/div>\n<\/td>\n<td style=\"width: 3.38573%;\"><span style=\"color: #000000;\">60h<\/span><\/td>\n<\/tr>\n<tr>\n<th style=\"width: 8.10157%;\"><span style=\"color: #000000;\">2<\/span><\/th>\n<td style=\"width: 88.3918%;\">\n<div class=\"qodef-accordion-holder qodef-ac-default  qodef-toggle clearfix accordion ui-accordion ui-accordion-icons ui-widget ui-helper-reset\">\n<h4 class=\"qodef-accordion-title ui-accordion-header ui-corner-top ui-accordion-header-active ui-state-active ui-state-hover\"><span class=\"qodef-tab-title\" style=\"color: #000000;\">Metodologia do Trabalho Cient\u00edfico<\/span><\/h4>\n<div class=\"qodef-accordion-content ui-accordion-content ui-helper-reset ui-widget-content ui-corner-bottom ui-accordion-content-active\" role=\"tabpanel\" aria-hidden=\"true\">\n<div class=\"qodef-accordion-content-inner\">\n<div class=\"wpb_text_column wpb_content_element\">\n<div class=\"wpb_wrapper\">\n<p style=\"text-align: justify;\"><span style=\"color: #000000;\">Conceitos de Ci\u00eancia; M\u00e9todo Cient\u00edfico; Hip\u00f3teses; Vari\u00e1veis; Probabilidade; Validade; Fidedignidade; Amostragem; Delineamentos De Pesquisa; Metodologia Qualitativa e Quantitativa; Aplica\u00e7\u00e3o de Question\u00e1rio em Pesquisas; Caracteriza\u00e7\u00e3o da Linguagem Cient\u00edfica e do Sistema de Produ\u00e7\u00e3o Cient\u00edfico; Elabora\u00e7\u00e3o de Pesquisa Acad\u00eamico-Cient\u00edfica; \u00c9tica na Pesquisa; T\u00e9cnicas de Apresenta\u00e7\u00e3o. Resumo Cient\u00edfico; Artigo Cient\u00edfico; Ficha Catalogr\u00e1fica, Pr\u00e9 Projeto de Pesquisa, Resenha, Relat\u00f3rios de Pesquisa, Fichamento.<\/span><\/p>\n<\/div>\n<\/div>\n<\/div>\n<\/div>\n<\/div>\n<\/td>\n<td style=\"width: 3.38573%;\"><span style=\"color: #000000;\">80h<\/span><\/td>\n<\/tr>\n<tr>\n<th style=\"width: 8.10157%;\"><span style=\"color: #000000;\">3<\/span><\/th>\n<td style=\"width: 88.3918%;\">\n<div class=\"qodef-accordion-holder qodef-ac-default  qodef-toggle clearfix accordion ui-accordion ui-accordion-icons ui-widget ui-helper-reset\">\n<h4 class=\"qodef-accordion-title ui-accordion-header ui-corner-top ui-accordion-header-active ui-state-active ui-state-hover\"><span class=\"qodef-tab-title\" style=\"color: #000000;\">Introdu\u00e7\u00e3o \u00e0 Engenharia Ambiental<\/span><\/h4>\n<div class=\"qodef-accordion-content ui-accordion-content ui-helper-reset ui-widget-content ui-corner-bottom ui-accordion-content-active\" role=\"tabpanel\" aria-hidden=\"true\">\n<div class=\"qodef-accordion-content-inner\">\n<div class=\"wpb_text_column wpb_content_element\">\n<div class=\"wpb_wrapper\">\n<p style=\"text-align: justify;\"><span style=\"color: #000000;\">Engenharia Ambiental; Tem\u00e1tica Ambiental; Aplica\u00e7\u00f5es da Engenharia Ambiental; Decis\u00f5es em Engenharia Ambiental.<\/span><\/p>\n<\/div>\n<\/div>\n<\/div>\n<\/div>\n<\/div>\n<\/td>\n<td style=\"width: 3.38573%;\"><span style=\"color: #000000;\">60h<\/span><\/td>\n<\/tr>\n<tr>\n<th style=\"width: 8.10157%;\"><span style=\"color: #000000;\">4<\/span><\/th>\n<td style=\"width: 88.3918%;\">\n<div class=\"qodef-accordion-holder qodef-ac-default  qodef-toggle clearfix accordion ui-accordion ui-accordion-icons ui-widget ui-helper-reset\">\n<h4 class=\"qodef-accordion-title ui-accordion-header ui-corner-top ui-accordion-header-active ui-state-active ui-state-hover\"><span class=\"qodef-tab-title\" style=\"color: #000000;\">Indicadores de Qualidade Ambiental<\/span><\/h4>\n<div class=\"qodef-accordion-content ui-accordion-content ui-helper-reset ui-widget-content ui-corner-bottom ui-accordion-content-active\" role=\"tabpanel\" aria-hidden=\"true\">\n<div class=\"qodef-accordion-content-inner\">\n<div class=\"wpb_text_column wpb_content_element\">\n<div class=\"wpb_wrapper\">\n<p style=\"text-align: justify;\"><span style=\"color: #000000;\">Indicadores de Qualidade Ambiental; \u00cdndice de Insalubridade Ambiental (ISA); \u00cdndice de Qualidade de Aterros de Res\u00edduos (IQAR ou IQR); Indicadores para Qualidade do Solo (IQS); Indicadores de Qualidade do Ar; Modelo de Qualidade Adotado pelo Estado de Minas Gerais; Indicadores Espec\u00edficos; Mecanismos de Controle de Qualidade.<\/span><\/p>\n<\/div>\n<\/div>\n<\/div>\n<\/div>\n<\/div>\n<\/td>\n<td style=\"width: 3.38573%;\"><span style=\"color: #000000;\">60h<\/span><\/td>\n<\/tr>\n<tr>\n<th style=\"width: 8.10157%;\"><span style=\"color: #000000;\">5<\/span><\/th>\n<td style=\"width: 88.3918%;\">\n<div class=\"qodef-accordion-holder qodef-ac-default  qodef-toggle clearfix accordion ui-accordion ui-accordion-icons ui-widget ui-helper-reset\">\n<h4 class=\"qodef-accordion-title ui-accordion-header ui-corner-top ui-accordion-header-active ui-state-active ui-state-hover\"><span class=\"qodef-tab-title\" style=\"color: #000000;\">Saneamento I &#8211; Tratamento e Uso de \u00c1guas<\/span><\/h4>\n<div class=\"qodef-accordion-content ui-accordion-content ui-helper-reset ui-widget-content ui-corner-bottom ui-accordion-content-active\" role=\"tabpanel\" aria-hidden=\"true\">\n<div class=\"qodef-accordion-content-inner\">\n<div class=\"wpb_text_column wpb_content_element\">\n<div class=\"wpb_wrapper\">\n<p style=\"text-align: justify;\"><span style=\"color: #000000;\">Saneamento Ambiental; Ciclo Hidrol\u00f3gico; Tratamento de \u00c1gua para Consumo Humano; Contaminantes Org\u00e2nicos em Mananciais; Presen\u00e7a de Microrganismos; Manejo de \u00c1guas Pluviais Urbanas.<\/span><\/p>\n<\/div>\n<\/div>\n<\/div>\n<\/div>\n<\/div>\n<\/td>\n<td style=\"width: 3.38573%;\"><span style=\"color: #000000;\">60h<\/span><\/td>\n<\/tr>\n<tr>\n<th style=\"width: 8.10157%;\"><span style=\"color: #000000;\">6<\/span><\/th>\n<td style=\"width: 88.3918%;\">\n<div class=\"qodef-accordion-holder qodef-ac-default  qodef-toggle clearfix accordion ui-accordion ui-accordion-icons ui-widget ui-helper-reset\">\n<h4 class=\"qodef-accordion-title ui-accordion-header ui-corner-top ui-accordion-header-active ui-state-active ui-state-hover\"><span class=\"qodef-tab-title\" style=\"color: #000000;\">Saneamento II &#8211; Tratamento e Manejo de Esgotos<\/span><\/h4>\n<div class=\"qodef-accordion-content ui-accordion-content ui-helper-reset ui-widget-content ui-corner-bottom ui-accordion-content-active\" role=\"tabpanel\" aria-hidden=\"true\">\n<div class=\"qodef-accordion-content-inner\">\n<div class=\"wpb_text_column wpb_content_element\">\n<div class=\"wpb_wrapper\">\n<p style=\"text-align: justify;\"><span style=\"color: #000000;\">Esgotos ou \u00c1guas Residuais; Lodo De Esgoto; Coleta e Tratamento de Esgotos; Higieniza\u00e7\u00e3o de Lodos; Contaminantes e Contamina\u00e7\u00e3o; Reuso de \u00c1gua de Esgotos; Fossas e Tanques.<\/span><\/p>\n<\/div>\n<\/div>\n<\/div>\n<\/div>\n<\/div>\n<\/td>\n<td style=\"width: 3.38573%;\"><span style=\"color: #000000;\">60h<\/span><\/td>\n<\/tr>\n<tr>\n<th style=\"width: 8.10157%;\"><span style=\"color: #000000;\">7<\/span><\/th>\n<td style=\"width: 88.3918%;\">\n<div class=\"qodef-accordion-holder qodef-ac-default  qodef-toggle clearfix accordion ui-accordion ui-accordion-icons ui-widget ui-helper-reset\">\n<h4 class=\"qodef-accordion-title ui-accordion-header ui-corner-top ui-accordion-header-active ui-state-active ui-state-hover\"><span class=\"qodef-tab-title\" style=\"color: #000000;\">Sistemas de Gest\u00e3o Ambiental<\/span><\/h4>\n<div class=\"qodef-accordion-content ui-accordion-content ui-helper-reset ui-widget-content ui-corner-bottom ui-accordion-content-active\" role=\"tabpanel\" aria-hidden=\"true\">\n<div class=\"qodef-accordion-content-inner\">\n<div class=\"wpb_text_column wpb_content_element\">\n<div class=\"wpb_wrapper\">\n<p style=\"text-align: justify;\"><span style=\"color: #000000;\">Introdu\u00e7\u00e3o \u00c0 Gest\u00e3o Ambiental; Ecologia E Gest\u00e3o Ambiental; Objetivos E Finalidades; Desafios Da Gest\u00e3o Ambiental No Brasil; Fundamentos B\u00e1sicos Da Gest\u00e3o Ambiental; Aspectos Institucionais E Fundamentos Sobre A Legisla\u00e7\u00e3o Ambiental No Brasil; Necessidade E Import\u00e2ncia Da Gest\u00e3o Ambiental Para A Empresa; Inalidades B\u00e1sicas Da Gest\u00e3o Ambiental E Empresarial; Certifica\u00e7\u00e3o Ambiental: Norma Iso 14 001 (Sistemas De Gest\u00e3o Ambiental); Comprometimento E Pol\u00edtica Ambiental; Agenda 21 Brasileira.<\/span><\/p>\n<\/div>\n<\/div>\n<\/div>\n<\/div>\n<\/div>\n<\/td>\n<td style=\"width: 3.38573%;\"><span style=\"color: #000000;\">60h<\/span><\/td>\n<\/tr>\n<tr>\n<th style=\"width: 8.10157%;\"><span style=\"color: #000000;\">8<\/span><\/th>\n<td style=\"width: 88.3918%;\">\n<div class=\"qodef-accordion-holder qodef-ac-default  qodef-toggle clearfix accordion ui-accordion ui-accordion-icons ui-widget ui-helper-reset\">\n<h4 class=\"qodef-accordion-title ui-accordion-header ui-corner-top ui-accordion-header-active ui-state-active ui-state-hover\"><span class=\"qodef-tab-title\" style=\"color: #000000;\">Prote\u00e7\u00e3o do Meio Ambiente<\/span><\/h4>\n<div class=\"qodef-accordion-content ui-accordion-content ui-helper-reset ui-widget-content ui-corner-bottom ui-accordion-content-active\" role=\"tabpanel\" aria-hidden=\"true\">\n<div class=\"qodef-accordion-content-inner\">\n<div class=\"wpb_text_column wpb_content_element\">\n<div class=\"wpb_wrapper\">\n<p style=\"text-align: justify;\"><span style=\"color: #000000;\">Preserva\u00e7\u00e3o do Meio Ambiente: Conceitua\u00e7\u00e3o e Import\u00e2ncia; Programas de Preserva\u00e7\u00e3o do Meio Ambiente; Crit\u00e9rios e T\u00e9cnicas de Avalia\u00e7\u00e3o e Controle de Poluentes; Qualidade do Ar e da \u00c1gua: Processos de Purifica\u00e7\u00e3o do \u00a0Solo, Servi\u00e7os B\u00e1sicos de Saneamento em Casos de Emerg\u00eancia, Destina\u00e7\u00e3o de Res\u00edduos Industriais; Aspectos Legais, Institucionais e \u00d3rg\u00e3os Regulamentadores.<\/span><\/p>\n<\/div>\n<\/div>\n<\/div>\n<\/div>\n<\/div>\n<\/td>\n<td style=\"width: 3.38573%;\"><span style=\"color: #000000;\">60h<\/span><\/td>\n<\/tr>\n<tr>\n<th style=\"width: 8.10157%;\"><span style=\"color: #000000;\"><strong>TOTAL<\/strong><\/span><\/th>\n<td style=\"width: 91.7775%;\" colspan=\"2\"><span style=\"color: #000000;\"><strong>500h<\/strong><\/span><\/td>\n<\/tr>\n<\/tbody>\n<\/table>\n","protected":false},"excerpt":{"rendered":"<h2><\/h2>\n<a data-animate=\"blurIn\" href=\"http:\/\/cenedcursos.com.br\/posgraduacao\/?add-to-cart=1246\" target=\"_self\" class=\"button primary is-larger box-shadow-4 expand\"  >\n    <span>Fa\u00e7a Aqui sua Matr\u00edcula<\/span>\n  <i class=\"icon-shopping-bag\" ><\/i><\/a>\n\n","protected":false},"featured_media":1219,"template":"","meta":{"jetpack_post_was_ever_published":false,"jetpack_publicize_message":"","jetpack_publicize_feature_enabled":true,"jetpack_social_post_already_shared":true,"jetpack_social_options":{"image_generator_settings":{"template":"highway","enabled":false}}},"product_brand":[],"product_cat":[110,105],"product_tag":[148],"class_list":{"0":"post-1233","1":"product","2":"type-product","3":"status-publish","4":"has-post-thumbnail","6":"product_cat-ambiental","7":"product_cat-engenharia","8":"product_tag-engenharia-ambiental","10":"first","11":"instock","12":"sale","13":"featured","14":"shipping-taxable","15":"product-type-simple"},"jetpack_publicize_connections":[],"yoast_head":"<!-- This site is optimized with the Yoast SEO plugin v22.3 - https:\/\/yoast.com\/wordpress\/plugins\/seo\/ -->\n<title>Engenharia Ambiental - P\u00f3s a Dist\u00e2ncia Reconhecida pelo MEC<\/title>\n<meta name=\"description\" content=\"A Especializa\u00e7\u00e3o em Engenharia Ambiental visa qualificar profissionais da \u00e1rea da ENGENHARIA, para atuarem na \u00e1rea ambiental, especializados em manejo,\" \/>\n<meta name=\"robots\" content=\"index, follow, max-snippet:-1, max-image-preview:large, max-video-preview:-1\" \/>\n<link rel=\"canonical\" href=\"https:\/\/cenedcursos.com.br\/posgraduacao\/produto\/engenharia-ambiental\/\" \/>\n<meta property=\"og:locale\" content=\"pt_BR\" \/>\n<meta property=\"og:type\" content=\"article\" \/>\n<meta property=\"og:title\" content=\"Engenharia Ambiental - P\u00f3s a Dist\u00e2ncia Reconhecida pelo MEC\" \/>\n<meta property=\"og:description\" content=\"A Especializa\u00e7\u00e3o em Engenharia Ambiental visa qualificar profissionais da \u00e1rea da ENGENHARIA, para atuarem na \u00e1rea ambiental, especializados em manejo,\" \/>\n<meta property=\"og:url\" content=\"https:\/\/cenedcursos.com.br\/posgraduacao\/produto\/engenharia-ambiental\/\" \/>\n<meta property=\"og:site_name\" content=\"P\u00f3s-Gradua\u00e7\u00e3o \u00e0 Dist\u00e2ncia...Reconhecidos pelo MEC\" \/>\n<meta property=\"article:modified_time\" content=\"2022-10-06T18:50:03+00:00\" \/>\n<meta property=\"og:image\" content=\"https:\/\/cenedcursos.com.br\/posgraduacao\/wp-content\/uploads\/2017\/06\/engenharia-ambiental.jpg\" \/>\n\t<meta property=\"og:image:width\" content=\"1024\" \/>\n\t<meta property=\"og:image:height\" content=\"565\" \/>\n\t<meta property=\"og:image:type\" content=\"image\/jpeg\" \/>\n<meta name=\"twitter:card\" content=\"summary_large_image\" \/>\n<meta name=\"twitter:title\" content=\"Engenharia Ambiental - P\u00f3s a Dist\u00e2ncia Reconhecida pelo MEC\" \/>\n<meta name=\"twitter:description\" content=\"A Especializa\u00e7\u00e3o em Engenharia Ambiental visa qualificar profissionais da \u00e1rea da ENGENHARIA, para atuarem na \u00e1rea ambiental, especializados em manejo,\" \/>\n<meta name=\"twitter:image\" content=\"http:\/\/cenedcursos.com.br\/posgraduacao\/wp-content\/uploads\/2017\/06\/engenharia-ambiental.jpg\" \/>\n<meta name=\"twitter:label1\" content=\"Est. tempo de leitura\" \/>\n\t<meta name=\"twitter:data1\" content=\"3 minutos\" \/>\n<script type=\"application\/ld+json\" class=\"yoast-schema-graph\">{\"@context\":\"https:\/\/schema.org\",\"@graph\":[{\"@type\":\"WebPage\",\"@id\":\"https:\/\/cenedcursos.com.br\/posgraduacao\/produto\/engenharia-ambiental\/\",\"url\":\"https:\/\/cenedcursos.com.br\/posgraduacao\/produto\/engenharia-ambiental\/\",\"name\":\"Engenharia Ambiental - P\u00f3s a Dist\u00e2ncia Reconhecida pelo MEC\",\"isPartOf\":{\"@id\":\"https:\/\/cenedcursos.com.br\/posgraduacao\/#website\"},\"primaryImageOfPage\":{\"@id\":\"https:\/\/cenedcursos.com.br\/posgraduacao\/produto\/engenharia-ambiental\/#primaryimage\"},\"image\":{\"@id\":\"https:\/\/cenedcursos.com.br\/posgraduacao\/produto\/engenharia-ambiental\/#primaryimage\"},\"thumbnailUrl\":\"https:\/\/cenedcursos.com.br\/posgraduacao\/wp-content\/uploads\/2017\/06\/engenharia-ambiental.jpg\",\"datePublished\":\"2017-06-29T19:47:28+00:00\",\"dateModified\":\"2022-10-06T18:50:03+00:00\",\"description\":\"A Especializa\u00e7\u00e3o em Engenharia Ambiental visa qualificar profissionais da \u00e1rea da ENGENHARIA, para atuarem na \u00e1rea ambiental, especializados em manejo,\",\"breadcrumb\":{\"@id\":\"https:\/\/cenedcursos.com.br\/posgraduacao\/produto\/engenharia-ambiental\/#breadcrumb\"},\"inLanguage\":\"pt-BR\",\"potentialAction\":[{\"@type\":\"ReadAction\",\"target\":[\"https:\/\/cenedcursos.com.br\/posgraduacao\/produto\/engenharia-ambiental\/\"]}]},{\"@type\":\"ImageObject\",\"inLanguage\":\"pt-BR\",\"@id\":\"https:\/\/cenedcursos.com.br\/posgraduacao\/produto\/engenharia-ambiental\/#primaryimage\",\"url\":\"https:\/\/cenedcursos.com.br\/posgraduacao\/wp-content\/uploads\/2017\/06\/engenharia-ambiental.jpg\",\"contentUrl\":\"https:\/\/cenedcursos.com.br\/posgraduacao\/wp-content\/uploads\/2017\/06\/engenharia-ambiental.jpg\",\"width\":1024,\"height\":565,\"caption\":\"engenharia ambiental\"},{\"@type\":\"BreadcrumbList\",\"@id\":\"https:\/\/cenedcursos.com.br\/posgraduacao\/produto\/engenharia-ambiental\/#breadcrumb\",\"itemListElement\":[{\"@type\":\"ListItem\",\"position\":1,\"name\":\"Home\",\"item\":\"https:\/\/cenedcursos.com.br\/posgraduacao\/\"},{\"@type\":\"ListItem\",\"position\":2,\"name\":\"Cursos\",\"item\":\"https:\/\/cenedcursos.com.br\/posgraduacao\/todos-os-cursos\/\"},{\"@type\":\"ListItem\",\"position\":3,\"name\":\"Engenharia Ambiental\"}]},{\"@type\":\"WebSite\",\"@id\":\"https:\/\/cenedcursos.com.br\/posgraduacao\/#website\",\"url\":\"https:\/\/cenedcursos.com.br\/posgraduacao\/\",\"name\":\"P\u00f3s-Gradua\u00e7\u00e3o \u00e0 Dist\u00e2ncia...Reconhecidos pelo MEC\",\"description\":\"Diversos Cursos de P\u00f3s-Gradua\u00e7\u00e3o a Dist\u00e2ncia Reconhecidos pelo MEC e certificados pela Universidade C\u00e2ndido Mendes (UCAM)\",\"potentialAction\":[{\"@type\":\"SearchAction\",\"target\":{\"@type\":\"EntryPoint\",\"urlTemplate\":\"https:\/\/cenedcursos.com.br\/posgraduacao\/?s={search_term_string}\"},\"query-input\":\"required name=search_term_string\"}],\"inLanguage\":\"pt-BR\"}]}<\/script>\n<!-- \/ Yoast SEO plugin. -->","yoast_head_json":{"title":"Engenharia Ambiental - P\u00f3s a Dist\u00e2ncia Reconhecida pelo MEC","description":"A Especializa\u00e7\u00e3o em Engenharia Ambiental visa qualificar profissionais da \u00e1rea da ENGENHARIA, para atuarem na \u00e1rea ambiental, especializados em manejo,","robots":{"index":"index","follow":"follow","max-snippet":"max-snippet:-1","max-image-preview":"max-image-preview:large","max-video-preview":"max-video-preview:-1"},"canonical":"https:\/\/cenedcursos.com.br\/posgraduacao\/produto\/engenharia-ambiental\/","og_locale":"pt_BR","og_type":"article","og_title":"Engenharia Ambiental - P\u00f3s a Dist\u00e2ncia Reconhecida pelo MEC","og_description":"A Especializa\u00e7\u00e3o em Engenharia Ambiental visa qualificar profissionais da \u00e1rea da ENGENHARIA, para atuarem na \u00e1rea ambiental, especializados em manejo,","og_url":"https:\/\/cenedcursos.com.br\/posgraduacao\/produto\/engenharia-ambiental\/","og_site_name":"P\u00f3s-Gradua\u00e7\u00e3o \u00e0 Dist\u00e2ncia...Reconhecidos pelo MEC","article_modified_time":"2022-10-06T18:50:03+00:00","og_image":[{"width":1024,"height":565,"url":"https:\/\/cenedcursos.com.br\/posgraduacao\/wp-content\/uploads\/2017\/06\/engenharia-ambiental.jpg","type":"image\/jpeg"}],"twitter_card":"summary_large_image","twitter_title":"Engenharia Ambiental - P\u00f3s a Dist\u00e2ncia Reconhecida pelo MEC","twitter_description":"A Especializa\u00e7\u00e3o em Engenharia Ambiental visa qualificar profissionais da \u00e1rea da ENGENHARIA, para atuarem na \u00e1rea ambiental, especializados em manejo,","twitter_image":"http:\/\/cenedcursos.com.br\/posgraduacao\/wp-content\/uploads\/2017\/06\/engenharia-ambiental.jpg","twitter_misc":{"Est. tempo de leitura":"3 minutos"},"schema":{"@context":"https:\/\/schema.org","@graph":[{"@type":"WebPage","@id":"https:\/\/cenedcursos.com.br\/posgraduacao\/produto\/engenharia-ambiental\/","url":"https:\/\/cenedcursos.com.br\/posgraduacao\/produto\/engenharia-ambiental\/","name":"Engenharia Ambiental - P\u00f3s a Dist\u00e2ncia Reconhecida pelo MEC","isPartOf":{"@id":"https:\/\/cenedcursos.com.br\/posgraduacao\/#website"},"primaryImageOfPage":{"@id":"https:\/\/cenedcursos.com.br\/posgraduacao\/produto\/engenharia-ambiental\/#primaryimage"},"image":{"@id":"https:\/\/cenedcursos.com.br\/posgraduacao\/produto\/engenharia-ambiental\/#primaryimage"},"thumbnailUrl":"https:\/\/cenedcursos.com.br\/posgraduacao\/wp-content\/uploads\/2017\/06\/engenharia-ambiental.jpg","datePublished":"2017-06-29T19:47:28+00:00","dateModified":"2022-10-06T18:50:03+00:00","description":"A Especializa\u00e7\u00e3o em Engenharia Ambiental visa qualificar profissionais da \u00e1rea da ENGENHARIA, para atuarem na \u00e1rea ambiental, especializados em manejo,","breadcrumb":{"@id":"https:\/\/cenedcursos.com.br\/posgraduacao\/produto\/engenharia-ambiental\/#breadcrumb"},"inLanguage":"pt-BR","potentialAction":[{"@type":"ReadAction","target":["https:\/\/cenedcursos.com.br\/posgraduacao\/produto\/engenharia-ambiental\/"]}]},{"@type":"ImageObject","inLanguage":"pt-BR","@id":"https:\/\/cenedcursos.com.br\/posgraduacao\/produto\/engenharia-ambiental\/#primaryimage","url":"https:\/\/cenedcursos.com.br\/posgraduacao\/wp-content\/uploads\/2017\/06\/engenharia-ambiental.jpg","contentUrl":"https:\/\/cenedcursos.com.br\/posgraduacao\/wp-content\/uploads\/2017\/06\/engenharia-ambiental.jpg","width":1024,"height":565,"caption":"engenharia ambiental"},{"@type":"BreadcrumbList","@id":"https:\/\/cenedcursos.com.br\/posgraduacao\/produto\/engenharia-ambiental\/#breadcrumb","itemListElement":[{"@type":"ListItem","position":1,"name":"Home","item":"https:\/\/cenedcursos.com.br\/posgraduacao\/"},{"@type":"ListItem","position":2,"name":"Cursos","item":"https:\/\/cenedcursos.com.br\/posgraduacao\/todos-os-cursos\/"},{"@type":"ListItem","position":3,"name":"Engenharia Ambiental"}]},{"@type":"WebSite","@id":"https:\/\/cenedcursos.com.br\/posgraduacao\/#website","url":"https:\/\/cenedcursos.com.br\/posgraduacao\/","name":"P\u00f3s-Gradua\u00e7\u00e3o \u00e0 Dist\u00e2ncia...Reconhecidos pelo MEC","description":"Diversos Cursos de P\u00f3s-Gradua\u00e7\u00e3o a Dist\u00e2ncia Reconhecidos pelo MEC e certificados pela Universidade C\u00e2ndido Mendes (UCAM)","potentialAction":[{"@type":"SearchAction","target":{"@type":"EntryPoint","urlTemplate":"https:\/\/cenedcursos.com.br\/posgraduacao\/?s={search_term_string}"},"query-input":"required name=search_term_string"}],"inLanguage":"pt-BR"}]}},"jetpack_sharing_enabled":true,"_links":{"self":[{"href":"https:\/\/cenedcursos.com.br\/posgraduacao\/wp-json\/wp\/v2\/product\/1233","targetHints":{"allow":["GET"]}}],"collection":[{"href":"https:\/\/cenedcursos.com.br\/posgraduacao\/wp-json\/wp\/v2\/product"}],"about":[{"href":"https:\/\/cenedcursos.com.br\/posgraduacao\/wp-json\/wp\/v2\/types\/product"}],"wp:featuredmedia":[{"embeddable":true,"href":"https:\/\/cenedcursos.com.br\/posgraduacao\/wp-json\/wp\/v2\/media\/1219"}],"wp:attachment":[{"href":"https:\/\/cenedcursos.com.br\/posgraduacao\/wp-json\/wp\/v2\/media?parent=1233"}],"wp:term":[{"taxonomy":"product_brand","embeddable":true,"href":"https:\/\/cenedcursos.com.br\/posgraduacao\/wp-json\/wp\/v2\/product_brand?post=1233"},{"taxonomy":"product_cat","embeddable":true,"href":"https:\/\/cenedcursos.com.br\/posgraduacao\/wp-json\/wp\/v2\/product_cat?post=1233"},{"taxonomy":"product_tag","embeddable":true,"href":"https:\/\/cenedcursos.com.br\/posgraduacao\/wp-json\/wp\/v2\/product_tag?post=1233"}],"curies":[{"name":"wp","href":"https:\/\/api.w.org\/{rel}","templated":true}]}}