{"id":1688,"date":"2018-07-21T15:01:27","date_gmt":"2018-07-21T15:01:27","guid":{"rendered":"http:\/\/cenedcursos.com.br\/posgraduacao\/?post_type=product&#038;p=1688"},"modified":"2022-02-02T12:59:06","modified_gmt":"2022-02-02T12:59:06","slug":"matricula-abordagem-multidisciplinar-em-oncologia","status":"publish","type":"product","link":"https:\/\/cenedcursos.com.br\/posgraduacao\/produto\/matricula-abordagem-multidisciplinar-em-oncologia\/","title":{"rendered":"Matr\u00edcula Abordagem Multidisciplinar em Oncologia"},"content":{"rendered":"","protected":false},"excerpt":{"rendered":"","protected":false},"featured_media":0,"template":"","meta":{"jetpack_post_was_ever_published":false,"jetpack_publicize_message":"","jetpack_publicize_feature_enabled":true,"jetpack_social_post_already_shared":true,"jetpack_social_options":{"image_generator_settings":{"template":"highway","enabled":false}}},"product_brand":[],"product_cat":[108],"product_tag":[],"class_list":{"0":"post-1688","1":"product","2":"type-product","3":"status-publish","5":"product_cat-saude","7":"first","8":"instock","9":"shipping-taxable","10":"product-type-simple"},"jetpack_publicize_connections":[],"yoast_head":"<!-- This site is optimized with the Yoast SEO plugin v22.3 - https:\/\/yoast.com\/wordpress\/plugins\/seo\/ -->\n<title>Matr\u00edcula Abordagem Multidisciplinar em Oncologia - P\u00f3s-Gradua\u00e7\u00e3o \u00e0 Dist\u00e2ncia...Reconhecidos pelo MEC<\/title>\n<meta name=\"robots\" content=\"noindex, nofollow\" \/>\n<meta property=\"og:locale\" content=\"pt_BR\" \/>\n<meta property=\"og:type\" content=\"article\" \/>\n<meta property=\"og:title\" content=\"Matr\u00edcula Abordagem Multidisciplinar em Oncologia - P\u00f3s-Gradua\u00e7\u00e3o \u00e0 Dist\u00e2ncia...Reconhecidos pelo MEC\" \/>\n<meta property=\"og:url\" content=\"https:\/\/cenedcursos.com.br\/posgraduacao\/produto\/matricula-abordagem-multidisciplinar-em-oncologia\/\" \/>\n<meta property=\"og:site_name\" content=\"P\u00f3s-Gradua\u00e7\u00e3o \u00e0 Dist\u00e2ncia...Reconhecidos pelo MEC\" \/>\n<meta property=\"article:modified_time\" content=\"2022-02-02T12:59:06+00:00\" \/>\n<meta name=\"twitter:card\" content=\"summary_large_image\" \/>\n<script type=\"application\/ld+json\" class=\"yoast-schema-graph\">{\"@context\":\"https:\/\/schema.org\",\"@graph\":[{\"@type\":\"WebPage\",\"@id\":\"https:\/\/cenedcursos.com.br\/posgraduacao\/produto\/matricula-abordagem-multidisciplinar-em-oncologia\/\",\"url\":\"https:\/\/cenedcursos.com.br\/posgraduacao\/produto\/matricula-abordagem-multidisciplinar-em-oncologia\/\",\"name\":\"Matr\u00edcula Abordagem Multidisciplinar em Oncologia - P\u00f3s-Gradua\u00e7\u00e3o \u00e0 Dist\u00e2ncia...Reconhecidos pelo MEC\",\"isPartOf\":{\"@id\":\"https:\/\/cenedcursos.com.br\/posgraduacao\/#website\"},\"datePublished\":\"2018-07-21T15:01:27+00:00\",\"dateModified\":\"2022-02-02T12:59:06+00:00\",\"breadcrumb\":{\"@id\":\"https:\/\/cenedcursos.com.br\/posgraduacao\/produto\/matricula-abordagem-multidisciplinar-em-oncologia\/#breadcrumb\"},\"inLanguage\":\"pt-BR\",\"potentialAction\":[{\"@type\":\"ReadAction\",\"target\":[\"https:\/\/cenedcursos.com.br\/posgraduacao\/produto\/matricula-abordagem-multidisciplinar-em-oncologia\/\"]}]},{\"@type\":\"BreadcrumbList\",\"@id\":\"https:\/\/cenedcursos.com.br\/posgraduacao\/produto\/matricula-abordagem-multidisciplinar-em-oncologia\/#breadcrumb\",\"itemListElement\":[{\"@type\":\"ListItem\",\"position\":1,\"name\":\"Home\",\"item\":\"https:\/\/cenedcursos.com.br\/posgraduacao\/\"},{\"@type\":\"ListItem\",\"position\":2,\"name\":\"Cursos\",\"item\":\"https:\/\/cenedcursos.com.br\/posgraduacao\/todos-os-cursos\/\"},{\"@type\":\"ListItem\",\"position\":3,\"name\":\"Matr\u00edcula Abordagem Multidisciplinar em Oncologia\"}]},{\"@type\":\"WebSite\",\"@id\":\"https:\/\/cenedcursos.com.br\/posgraduacao\/#website\",\"url\":\"https:\/\/cenedcursos.com.br\/posgraduacao\/\",\"name\":\"P\u00f3s-Gradua\u00e7\u00e3o \u00e0 Dist\u00e2ncia...Reconhecidos pelo MEC\",\"description\":\"Diversos Cursos de P\u00f3s-Gradua\u00e7\u00e3o a Dist\u00e2ncia Reconhecidos pelo MEC e certificados pela Universidade C\u00e2ndido Mendes (UCAM)\",\"potentialAction\":[{\"@type\":\"SearchAction\",\"target\":{\"@type\":\"EntryPoint\",\"urlTemplate\":\"https:\/\/cenedcursos.com.br\/posgraduacao\/?s={search_term_string}\"},\"query-input\":\"required name=search_term_string\"}],\"inLanguage\":\"pt-BR\"}]}<\/script>\n<!-- \/ Yoast SEO plugin. -->","yoast_head_json":{"title":"Matr\u00edcula Abordagem Multidisciplinar em Oncologia - P\u00f3s-Gradua\u00e7\u00e3o \u00e0 Dist\u00e2ncia...Reconhecidos pelo MEC","robots":{"index":"noindex","follow":"nofollow"},"og_locale":"pt_BR","og_type":"article","og_title":"Matr\u00edcula Abordagem Multidisciplinar em Oncologia - P\u00f3s-Gradua\u00e7\u00e3o \u00e0 Dist\u00e2ncia...Reconhecidos pelo MEC","og_url":"https:\/\/cenedcursos.com.br\/posgraduacao\/produto\/matricula-abordagem-multidisciplinar-em-oncologia\/","og_site_name":"P\u00f3s-Gradua\u00e7\u00e3o \u00e0 Dist\u00e2ncia...Reconhecidos pelo MEC","article_modified_time":"2022-02-02T12:59:06+00:00","twitter_card":"summary_large_image","schema":{"@context":"https:\/\/schema.org","@graph":[{"@type":"WebPage","@id":"https:\/\/cenedcursos.com.br\/posgraduacao\/produto\/matricula-abordagem-multidisciplinar-em-oncologia\/","url":"https:\/\/cenedcursos.com.br\/posgraduacao\/produto\/matricula-abordagem-multidisciplinar-em-oncologia\/","name":"Matr\u00edcula Abordagem Multidisciplinar em Oncologia - P\u00f3s-Gradua\u00e7\u00e3o \u00e0 Dist\u00e2ncia...Reconhecidos pelo MEC","isPartOf":{"@id":"https:\/\/cenedcursos.com.br\/posgraduacao\/#website"},"datePublished":"2018-07-21T15:01:27+00:00","dateModified":"2022-02-02T12:59:06+00:00","breadcrumb":{"@id":"https:\/\/cenedcursos.com.br\/posgraduacao\/produto\/matricula-abordagem-multidisciplinar-em-oncologia\/#breadcrumb"},"inLanguage":"pt-BR","potentialAction":[{"@type":"ReadAction","target":["https:\/\/cenedcursos.com.br\/posgraduacao\/produto\/matricula-abordagem-multidisciplinar-em-oncologia\/"]}]},{"@type":"BreadcrumbList","@id":"https:\/\/cenedcursos.com.br\/posgraduacao\/produto\/matricula-abordagem-multidisciplinar-em-oncologia\/#breadcrumb","itemListElement":[{"@type":"ListItem","position":1,"name":"Home","item":"https:\/\/cenedcursos.com.br\/posgraduacao\/"},{"@type":"ListItem","position":2,"name":"Cursos","item":"https:\/\/cenedcursos.com.br\/posgraduacao\/todos-os-cursos\/"},{"@type":"ListItem","position":3,"name":"Matr\u00edcula Abordagem Multidisciplinar em Oncologia"}]},{"@type":"WebSite","@id":"https:\/\/cenedcursos.com.br\/posgraduacao\/#website","url":"https:\/\/cenedcursos.com.br\/posgraduacao\/","name":"P\u00f3s-Gradua\u00e7\u00e3o \u00e0 Dist\u00e2ncia...Reconhecidos pelo MEC","description":"Diversos Cursos de P\u00f3s-Gradua\u00e7\u00e3o a Dist\u00e2ncia Reconhecidos pelo MEC e certificados pela Universidade C\u00e2ndido Mendes (UCAM)","potentialAction":[{"@type":"SearchAction","target":{"@type":"EntryPoint","urlTemplate":"https:\/\/cenedcursos.com.br\/posgraduacao\/?s={search_term_string}"},"query-input":"required name=search_term_string"}],"inLanguage":"pt-BR"}]}},"jetpack_sharing_enabled":true,"_links":{"self":[{"href":"https:\/\/cenedcursos.com.br\/posgraduacao\/wp-json\/wp\/v2\/product\/1688","targetHints":{"allow":["GET"]}}],"collection":[{"href":"https:\/\/cenedcursos.com.br\/posgraduacao\/wp-json\/wp\/v2\/product"}],"about":[{"href":"https:\/\/cenedcursos.com.br\/posgraduacao\/wp-json\/wp\/v2\/types\/product"}],"wp:attachment":[{"href":"https:\/\/cenedcursos.com.br\/posgraduacao\/wp-json\/wp\/v2\/media?parent=1688"}],"wp:term":[{"taxonomy":"product_brand","embeddable":true,"href":"https:\/\/cenedcursos.com.br\/posgraduacao\/wp-json\/wp\/v2\/product_brand?post=1688"},{"taxonomy":"product_cat","embeddable":true,"href":"https:\/\/cenedcursos.com.br\/posgraduacao\/wp-json\/wp\/v2\/product_cat?post=1688"},{"taxonomy":"product_tag","embeddable":true,"href":"https:\/\/cenedcursos.com.br\/posgraduacao\/wp-json\/wp\/v2\/product_tag?post=1688"}],"curies":[{"name":"wp","href":"https:\/\/api.w.org\/{rel}","templated":true}]}}