{"id":17037,"date":"2019-08-03T13:32:42","date_gmt":"2019-08-03T13:32:42","guid":{"rendered":"https:\/\/cenedcursos.com.br\/posgraduacao\/?post_type=product&#038;p=17037"},"modified":"2022-02-02T13:03:22","modified_gmt":"2022-02-02T13:03:22","slug":"matricula-mba-em-tecnologia-bim","status":"publish","type":"product","link":"https:\/\/cenedcursos.com.br\/posgraduacao\/produto\/matricula-mba-em-tecnologia-bim\/","title":{"rendered":"Matr\u00edcula MBA em Tecnologia BIM"},"content":{"rendered":"","protected":false},"excerpt":{"rendered":"","protected":false},"featured_media":17030,"template":"","meta":{"jetpack_post_was_ever_published":false,"jetpack_publicize_message":"","jetpack_publicize_feature_enabled":true,"jetpack_social_post_already_shared":true,"jetpack_social_options":{"image_generator_settings":{"template":"highway","enabled":false}}},"product_brand":[],"product_cat":[107],"product_tag":[],"class_list":{"0":"post-17037","1":"product","2":"type-product","3":"status-publish","4":"has-post-thumbnail","6":"product_cat-mba-executivo","8":"first","9":"instock","10":"shipping-taxable","11":"product-type-simple"},"jetpack_publicize_connections":[],"yoast_head":"<!-- This site is optimized with the Yoast SEO plugin v22.3 - https:\/\/yoast.com\/wordpress\/plugins\/seo\/ -->\n<title>Matr\u00edcula MBA em Tecnologia BIM - P\u00f3s-Gradua\u00e7\u00e3o \u00e0 Dist\u00e2ncia...Reconhecidos pelo MEC<\/title>\n<meta name=\"robots\" content=\"index, follow, max-snippet:-1, max-image-preview:large, max-video-preview:-1\" \/>\n<link rel=\"canonical\" href=\"https:\/\/cenedcursos.com.br\/posgraduacao\/produto\/matricula-mba-em-tecnologia-bim\/\" \/>\n<meta property=\"og:locale\" content=\"pt_BR\" \/>\n<meta property=\"og:type\" content=\"article\" \/>\n<meta property=\"og:title\" content=\"Matr\u00edcula MBA em Tecnologia BIM - P\u00f3s-Gradua\u00e7\u00e3o \u00e0 Dist\u00e2ncia...Reconhecidos pelo MEC\" \/>\n<meta property=\"og:url\" content=\"https:\/\/cenedcursos.com.br\/posgraduacao\/produto\/matricula-mba-em-tecnologia-bim\/\" \/>\n<meta property=\"og:site_name\" content=\"P\u00f3s-Gradua\u00e7\u00e3o \u00e0 Dist\u00e2ncia...Reconhecidos pelo MEC\" \/>\n<meta property=\"article:modified_time\" content=\"2022-02-02T13:03:22+00:00\" \/>\n<meta property=\"og:image\" content=\"https:\/\/cenedcursos.com.br\/posgraduacao\/wp-content\/uploads\/2021\/08\/pos-tecnologia-bim.jpg\" \/>\n\t<meta property=\"og:image:width\" content=\"1280\" \/>\n\t<meta property=\"og:image:height\" content=\"720\" \/>\n\t<meta property=\"og:image:type\" content=\"image\/jpeg\" \/>\n<meta name=\"twitter:card\" content=\"summary_large_image\" \/>\n<script type=\"application\/ld+json\" class=\"yoast-schema-graph\">{\"@context\":\"https:\/\/schema.org\",\"@graph\":[{\"@type\":\"WebPage\",\"@id\":\"https:\/\/cenedcursos.com.br\/posgraduacao\/produto\/matricula-mba-em-tecnologia-bim\/\",\"url\":\"https:\/\/cenedcursos.com.br\/posgraduacao\/produto\/matricula-mba-em-tecnologia-bim\/\",\"name\":\"Matr\u00edcula MBA em Tecnologia BIM - P\u00f3s-Gradua\u00e7\u00e3o \u00e0 Dist\u00e2ncia...Reconhecidos pelo MEC\",\"isPartOf\":{\"@id\":\"https:\/\/cenedcursos.com.br\/posgraduacao\/#website\"},\"primaryImageOfPage\":{\"@id\":\"https:\/\/cenedcursos.com.br\/posgraduacao\/produto\/matricula-mba-em-tecnologia-bim\/#primaryimage\"},\"image\":{\"@id\":\"https:\/\/cenedcursos.com.br\/posgraduacao\/produto\/matricula-mba-em-tecnologia-bim\/#primaryimage\"},\"thumbnailUrl\":\"https:\/\/cenedcursos.com.br\/posgraduacao\/wp-content\/uploads\/2021\/08\/pos-tecnologia-bim.jpg\",\"datePublished\":\"2019-08-03T13:32:42+00:00\",\"dateModified\":\"2022-02-02T13:03:22+00:00\",\"breadcrumb\":{\"@id\":\"https:\/\/cenedcursos.com.br\/posgraduacao\/produto\/matricula-mba-em-tecnologia-bim\/#breadcrumb\"},\"inLanguage\":\"pt-BR\",\"potentialAction\":[{\"@type\":\"ReadAction\",\"target\":[\"https:\/\/cenedcursos.com.br\/posgraduacao\/produto\/matricula-mba-em-tecnologia-bim\/\"]}]},{\"@type\":\"ImageObject\",\"inLanguage\":\"pt-BR\",\"@id\":\"https:\/\/cenedcursos.com.br\/posgraduacao\/produto\/matricula-mba-em-tecnologia-bim\/#primaryimage\",\"url\":\"https:\/\/cenedcursos.com.br\/posgraduacao\/wp-content\/uploads\/2021\/08\/pos-tecnologia-bim.jpg\",\"contentUrl\":\"https:\/\/cenedcursos.com.br\/posgraduacao\/wp-content\/uploads\/2021\/08\/pos-tecnologia-bim.jpg\",\"width\":1280,\"height\":720,\"caption\":\"p\u00f3s tecnologia bim\"},{\"@type\":\"BreadcrumbList\",\"@id\":\"https:\/\/cenedcursos.com.br\/posgraduacao\/produto\/matricula-mba-em-tecnologia-bim\/#breadcrumb\",\"itemListElement\":[{\"@type\":\"ListItem\",\"position\":1,\"name\":\"Home\",\"item\":\"https:\/\/cenedcursos.com.br\/posgraduacao\/\"},{\"@type\":\"ListItem\",\"position\":2,\"name\":\"Cursos\",\"item\":\"https:\/\/cenedcursos.com.br\/posgraduacao\/todos-os-cursos\/\"},{\"@type\":\"ListItem\",\"position\":3,\"name\":\"Matr\u00edcula MBA em Tecnologia BIM\"}]},{\"@type\":\"WebSite\",\"@id\":\"https:\/\/cenedcursos.com.br\/posgraduacao\/#website\",\"url\":\"https:\/\/cenedcursos.com.br\/posgraduacao\/\",\"name\":\"P\u00f3s-Gradua\u00e7\u00e3o \u00e0 Dist\u00e2ncia...Reconhecidos pelo MEC\",\"description\":\"Diversos Cursos de P\u00f3s-Gradua\u00e7\u00e3o a Dist\u00e2ncia Reconhecidos pelo MEC e certificados pela Universidade C\u00e2ndido Mendes (UCAM)\",\"potentialAction\":[{\"@type\":\"SearchAction\",\"target\":{\"@type\":\"EntryPoint\",\"urlTemplate\":\"https:\/\/cenedcursos.com.br\/posgraduacao\/?s={search_term_string}\"},\"query-input\":\"required name=search_term_string\"}],\"inLanguage\":\"pt-BR\"}]}<\/script>\n<!-- \/ Yoast SEO plugin. -->","yoast_head_json":{"title":"Matr\u00edcula MBA em Tecnologia BIM - P\u00f3s-Gradua\u00e7\u00e3o \u00e0 Dist\u00e2ncia...Reconhecidos pelo MEC","robots":{"index":"index","follow":"follow","max-snippet":"max-snippet:-1","max-image-preview":"max-image-preview:large","max-video-preview":"max-video-preview:-1"},"canonical":"https:\/\/cenedcursos.com.br\/posgraduacao\/produto\/matricula-mba-em-tecnologia-bim\/","og_locale":"pt_BR","og_type":"article","og_title":"Matr\u00edcula MBA em Tecnologia BIM - P\u00f3s-Gradua\u00e7\u00e3o \u00e0 Dist\u00e2ncia...Reconhecidos pelo MEC","og_url":"https:\/\/cenedcursos.com.br\/posgraduacao\/produto\/matricula-mba-em-tecnologia-bim\/","og_site_name":"P\u00f3s-Gradua\u00e7\u00e3o \u00e0 Dist\u00e2ncia...Reconhecidos pelo MEC","article_modified_time":"2022-02-02T13:03:22+00:00","og_image":[{"width":1280,"height":720,"url":"https:\/\/cenedcursos.com.br\/posgraduacao\/wp-content\/uploads\/2021\/08\/pos-tecnologia-bim.jpg","type":"image\/jpeg"}],"twitter_card":"summary_large_image","schema":{"@context":"https:\/\/schema.org","@graph":[{"@type":"WebPage","@id":"https:\/\/cenedcursos.com.br\/posgraduacao\/produto\/matricula-mba-em-tecnologia-bim\/","url":"https:\/\/cenedcursos.com.br\/posgraduacao\/produto\/matricula-mba-em-tecnologia-bim\/","name":"Matr\u00edcula MBA em Tecnologia BIM - P\u00f3s-Gradua\u00e7\u00e3o \u00e0 Dist\u00e2ncia...Reconhecidos pelo MEC","isPartOf":{"@id":"https:\/\/cenedcursos.com.br\/posgraduacao\/#website"},"primaryImageOfPage":{"@id":"https:\/\/cenedcursos.com.br\/posgraduacao\/produto\/matricula-mba-em-tecnologia-bim\/#primaryimage"},"image":{"@id":"https:\/\/cenedcursos.com.br\/posgraduacao\/produto\/matricula-mba-em-tecnologia-bim\/#primaryimage"},"thumbnailUrl":"https:\/\/cenedcursos.com.br\/posgraduacao\/wp-content\/uploads\/2021\/08\/pos-tecnologia-bim.jpg","datePublished":"2019-08-03T13:32:42+00:00","dateModified":"2022-02-02T13:03:22+00:00","breadcrumb":{"@id":"https:\/\/cenedcursos.com.br\/posgraduacao\/produto\/matricula-mba-em-tecnologia-bim\/#breadcrumb"},"inLanguage":"pt-BR","potentialAction":[{"@type":"ReadAction","target":["https:\/\/cenedcursos.com.br\/posgraduacao\/produto\/matricula-mba-em-tecnologia-bim\/"]}]},{"@type":"ImageObject","inLanguage":"pt-BR","@id":"https:\/\/cenedcursos.com.br\/posgraduacao\/produto\/matricula-mba-em-tecnologia-bim\/#primaryimage","url":"https:\/\/cenedcursos.com.br\/posgraduacao\/wp-content\/uploads\/2021\/08\/pos-tecnologia-bim.jpg","contentUrl":"https:\/\/cenedcursos.com.br\/posgraduacao\/wp-content\/uploads\/2021\/08\/pos-tecnologia-bim.jpg","width":1280,"height":720,"caption":"p\u00f3s tecnologia bim"},{"@type":"BreadcrumbList","@id":"https:\/\/cenedcursos.com.br\/posgraduacao\/produto\/matricula-mba-em-tecnologia-bim\/#breadcrumb","itemListElement":[{"@type":"ListItem","position":1,"name":"Home","item":"https:\/\/cenedcursos.com.br\/posgraduacao\/"},{"@type":"ListItem","position":2,"name":"Cursos","item":"https:\/\/cenedcursos.com.br\/posgraduacao\/todos-os-cursos\/"},{"@type":"ListItem","position":3,"name":"Matr\u00edcula MBA em Tecnologia BIM"}]},{"@type":"WebSite","@id":"https:\/\/cenedcursos.com.br\/posgraduacao\/#website","url":"https:\/\/cenedcursos.com.br\/posgraduacao\/","name":"P\u00f3s-Gradua\u00e7\u00e3o \u00e0 Dist\u00e2ncia...Reconhecidos pelo MEC","description":"Diversos Cursos de P\u00f3s-Gradua\u00e7\u00e3o a Dist\u00e2ncia Reconhecidos pelo MEC e certificados pela Universidade C\u00e2ndido Mendes (UCAM)","potentialAction":[{"@type":"SearchAction","target":{"@type":"EntryPoint","urlTemplate":"https:\/\/cenedcursos.com.br\/posgraduacao\/?s={search_term_string}"},"query-input":"required name=search_term_string"}],"inLanguage":"pt-BR"}]}},"jetpack_sharing_enabled":true,"_links":{"self":[{"href":"https:\/\/cenedcursos.com.br\/posgraduacao\/wp-json\/wp\/v2\/product\/17037","targetHints":{"allow":["GET"]}}],"collection":[{"href":"https:\/\/cenedcursos.com.br\/posgraduacao\/wp-json\/wp\/v2\/product"}],"about":[{"href":"https:\/\/cenedcursos.com.br\/posgraduacao\/wp-json\/wp\/v2\/types\/product"}],"wp:featuredmedia":[{"embeddable":true,"href":"https:\/\/cenedcursos.com.br\/posgraduacao\/wp-json\/wp\/v2\/media\/17030"}],"wp:attachment":[{"href":"https:\/\/cenedcursos.com.br\/posgraduacao\/wp-json\/wp\/v2\/media?parent=17037"}],"wp:term":[{"taxonomy":"product_brand","embeddable":true,"href":"https:\/\/cenedcursos.com.br\/posgraduacao\/wp-json\/wp\/v2\/product_brand?post=17037"},{"taxonomy":"product_cat","embeddable":true,"href":"https:\/\/cenedcursos.com.br\/posgraduacao\/wp-json\/wp\/v2\/product_cat?post=17037"},{"taxonomy":"product_tag","embeddable":true,"href":"https:\/\/cenedcursos.com.br\/posgraduacao\/wp-json\/wp\/v2\/product_tag?post=17037"}],"curies":[{"name":"wp","href":"https:\/\/api.w.org\/{rel}","templated":true}]}}