{"id":17151,"date":"2023-02-21T12:48:56","date_gmt":"2023-02-21T12:48:56","guid":{"rendered":"https:\/\/cenedcursos.com.br\/posgraduacao\/?post_type=product&#038;p=17151"},"modified":"2023-02-21T13:23:17","modified_gmt":"2023-02-21T13:23:17","slug":"gestao-de-pessoas-e-recursos-humanos","status":"publish","type":"product","link":"https:\/\/cenedcursos.com.br\/posgraduacao\/produto\/gestao-de-pessoas-e-recursos-humanos\/","title":{"rendered":"Gest\u00e3o de Pessoas e Recursos Humanos"},"content":{"rendered":"<p><span style=\"font-size: 140%; color: #000000;\"><strong>P\u00f3s-Gradua\u00e7\u00e3o em Gest\u00e3o de Pessoas e Recursos Humanos<\/strong><\/span><\/p>\n<div id=\"ui-id-4\" class=\"qodef-accordion-content ui-accordion-content ui-helper-reset ui-widget-content ui-corner-bottom ui-accordion-content-active\" role=\"tabpanel\" aria-labelledby=\"ui-id-3\" aria-hidden=\"false\">\n<div class=\"qodef-accordion-content-inner\">\n<div class=\"wpb_text_column wpb_content_element \">\n<div class=\"wpb_wrapper\" style=\"text-align: justify;\"><span style=\"color: #000000;\">O curso de P\u00f3s-Gradua\u00e7\u00e3o em Gest\u00e3o de Pessoas e Recursos Humanos tem como objetivo enriquecer os quadros funcionais das empresas, potencializando os talentos dos seus colaboradores ao levar em considera\u00e7\u00e3o suas aptid\u00f5es para a forma\u00e7\u00e3o de equipes e atuar no desenvolvimento de suas compet\u00eancias.<\/span><\/div>\n<div><\/div>\n<\/div>\n<\/div>\n<\/div>\n<table style=\"width: 93.7018%; height: 383px;\" width=\"220\">\n<tbody>\n<tr style=\"height: 194px;\">\n<th style=\"width: 15.3998%; height: 194px; text-align: justify;\"><span class=\"accordion-title-icon\" style=\"color: #000000;\">M\u00f3dulo 1<\/span><\/th>\n<th style=\"width: 78.0077%; height: 194px; text-align: justify;\"><span style=\"color: #000000;\"><strong>Doc\u00eancia no Ensino Superior<\/strong><\/span><\/p>\n<p><span style=\"color: #000000;\">O Ensino Superior no Brasil. A Universidade na Sociedade. Legisla\u00e7\u00e3o da Educa\u00e7\u00e3o Superior. A Pr\u00e1tica Docente no Contexto da LDB (<a href=\"https:\/\/www.planalto.gov.br\/ccivil_03\/leis\/l9394.htm\">Lei n.\u00ba 9.394\/96<\/a>). As Teorias Pedag\u00f3gicas. A Did\u00e1tica: defini\u00e7\u00e3o e import\u00e2ncia no ensino superior. Planejamento do ensino. Elabora\u00e7\u00e3o de planos de Ensino e Pr\u00e1tica Docente. Avalia\u00e7\u00e3o Educacional. Ambiente Virtual de Aprendizagem e Tecnologias para o Ensino. Intera\u00e7\u00f5es em Sala de Aula EAD e Presencial: O Papel dos Professores e dos Alunos.<\/span><\/th>\n<th style=\"width: 232.133%; text-align: justify; height: 194px;\"><span style=\"color: #000000;\"><strong>80<\/strong><strong> hs<\/strong><\/span><\/th>\n<\/tr>\n<tr style=\"height: 21px;\">\n<th style=\"width: 15.3998%; height: 21px;\"><span style=\"color: #000000;\">M\u00f3dulo 2\u00a0<\/span><\/th>\n<td style=\"width: 78.0077%; height: 21px;\">\n<p style=\"text-align: justify;\"><span style=\"color: #000000;\"><strong>Empreendedorismo Pessoal<\/strong><\/span><\/p>\n<p style=\"text-align: justify;\"><span style=\"color: #000000;\">Autocontrole e Intelig\u00eancia emocional, Coordena\u00e7\u00e3o com os outros, Gest\u00e3o de pessoas, Criatividade e Vis\u00e3o inovadora, Pensamento Cr\u00edtico, Resolu\u00e7\u00e3o de problemas, Busca constante de conhecimento, Lideran\u00e7a pelo exemplo, Conex\u00f5es interpessoais, Determina\u00e7\u00e3o e Flexibilidade, Assumindo Riscos, Investimento de recursos; Proatividade; Planejamento estrat\u00e9gico; Gest\u00e3o do Tempo; Gest\u00e3o de Recursos Pessoais; Gest\u00e3o do conhecimento; Gest\u00e3o motivacional, O emprego do futuro; Habilidades do profissional do futuro: Flexibilidade cognitiva, Negocia\u00e7\u00e3o, Orienta\u00e7\u00e3o para servir, Julgamento e tomada de decis\u00f5es.<\/span><\/p>\n<\/td>\n<td style=\"width: 232.133%; height: 21px;\"><span style=\"color: #000000;\">80 hs<\/span><\/td>\n<\/tr>\n<tr style=\"height: 21px;\">\n<th style=\"width: 15.3998%; height: 21px;\"><span style=\"color: #000000;\">M\u00f3dulo 3<\/span><\/th>\n<td style=\"width: 78.0077%; height: 21px;\">\n<p style=\"text-align: justify;\"><span style=\"color: #000000;\"><strong>Meios Digitais e o Profissional do Futuro<\/strong><\/span><\/p>\n<div class=\"accordion-item\">\n<div id=\"id3\" class=\"accordion-collapse collapse show\" aria-labelledby=\"headingThree\" data-bs-parent=\"#accordionExample\">\n<div class=\"accordion-body\" style=\"text-align: justify;\"><span style=\"color: #000000;\">O que \u00e9 transforma\u00e7\u00e3o digital?; Quais s\u00e3o as tend\u00eancias da transforma\u00e7\u00e3o digital?; Intelig\u00eancia Artificial: trabalha com a cria\u00e7\u00e3o de m\u00e1quinas inteligentes que executam fun\u00e7\u00f5es de maneira semelhante aos humanos; Realidade Virtual: cria uma situa\u00e7\u00e3o similar \u00e0 real usando artif\u00edcios digitais e tecnol\u00f3gicos; Business Intelligence: a utiliza\u00e7\u00e3o de informa\u00e7\u00f5es e dados para gerar intelig\u00eancia que pode ser aplicada na tomada de decis\u00e3o de um neg\u00f3cio; Automa\u00e7\u00e3o de Marketing: usa a tecnologia para diminuir o trabalho manual e garantir a assertividade das a\u00e7\u00f5es de marketing de uma empresa; Data Science: a ci\u00eancia que analisa os dados para possibilitar decis\u00f5es mais assertivas; Como a transforma\u00e7\u00e3o digital afeta sua carreira?; Como se preparar profissionalmente?; Estude muito; Pense no cliente; Conhe\u00e7a seus concorrentes; Analise seus dados; Crie propostas de valor; Tente inovar; Como a revolu\u00e7\u00e3o digital influencia na escolha da carreira?; Carreiras digitais: minha profiss\u00e3o vai morrer?<\/span><\/div>\n<\/div>\n<\/div>\n<\/td>\n<td style=\"width: 232.133%; height: 21px;\"><span style=\"color: #000000;\">80 hs<\/span><\/td>\n<\/tr>\n<tr style=\"height: 21px;\">\n<th style=\"width: 15.3998%; height: 21px;\"><span style=\"color: #000000;\">\u00a0M\u00f3dulo 4<\/span><\/th>\n<td style=\"width: 78.0077%; height: 21px;\">\n<div class=\"text-accordion\">\n<p style=\"text-align: justify;\"><span style=\"color: #000000;\"><strong>Compet\u00eancias, Carreiras e Inova\u00e7\u00f5es<\/strong><\/span><\/p>\n<\/div>\n<div id=\"id4\" class=\"accordion-collapse collapse show\" aria-labelledby=\"headingThree\" data-bs-parent=\"#accordionExample\">\n<div class=\"accordion-body\" style=\"text-align: justify;\"><span style=\"color: #000000;\">Compet\u00eancias; Conhecimentos X Rh X Gest\u00e3o Organizacional; Carreiras; A Intelig\u00eancia Emocional.<\/span><\/div>\n<\/div>\n<\/td>\n<td style=\"width: 232.133%; height: 21px;\"><span style=\"color: #000000;\">\u00a080 hs<\/span><\/td>\n<\/tr>\n<tr style=\"height: 21px;\">\n<th style=\"width: 15.3998%; height: 21px;\"><span style=\"color: #000000;\">M\u00f3dulo 5\u00a0<\/span><\/th>\n<td style=\"width: 78.0077%; height: 21px;\">\n<div class=\"text-accordion\">\n<p style=\"text-align: justify;\"><span style=\"color: #000000;\"><strong>Capital Humano, Gest\u00e3o de Pessoas e do Conhecimento<\/strong><\/span><\/p>\n<\/div>\n<div id=\"id5\" class=\"accordion-collapse collapse show\" aria-labelledby=\"headingThree\" data-bs-parent=\"#accordionExample\">\n<div class=\"accordion-body\" style=\"text-align: justify;\"><span style=\"color: #000000;\">Teorias e Princ\u00edpios da Administra\u00e7\u00e3o e Rela\u00e7\u00f5es Humanas; O Capital Humano; A Gest\u00e3o de Pessoas; A Gest\u00e3o do Conhecimento.<\/span><\/div>\n<\/div>\n<\/td>\n<td style=\"width: 232.133%; height: 21px;\"><span style=\"color: #000000;\">\u00a080 hs<\/span><\/td>\n<\/tr>\n<tr style=\"height: 21px;\">\n<th style=\"width: 15.3998%; height: 21px;\"><span style=\"color: #000000;\">\u00a0M\u00f3dulo 6<\/span><\/th>\n<td style=\"width: 78.0077%; height: 21px;\">\n<div class=\"text-accordion\">\n<p style=\"text-align: justify;\"><span style=\"color: #000000;\"><strong>Gest\u00e3o de Pessoas, Carreiras e Lideran\u00e7a\u00a0<\/strong><\/span><\/p>\n<\/div>\n<div id=\"id6\" class=\"accordion-collapse collapse show\" aria-labelledby=\"headingThree\" data-bs-parent=\"#accordionExample\">\n<div class=\"accordion-body\" style=\"text-align: justify;\"><span style=\"color: #000000;\">As Organiza\u00e7\u00f5es; A Gest\u00e3o de Pessoas; Foco nas Carreiras; Foco na Lideran\u00e7a.<\/span><\/div>\n<\/div>\n<\/td>\n<td style=\"width: 232.133%; height: 21px;\"><span style=\"color: #000000;\">\u00a080 hs<\/span><\/td>\n<\/tr>\n<tr style=\"height: 21px;\">\n<th style=\"width: 15.3998%; height: 21px;\"><span style=\"color: #000000;\">\u00a0M\u00f3dulo 7<\/span><\/th>\n<td style=\"width: 78.0077%; height: 21px;\">\n<div class=\"text-accordion\">\n<p style=\"text-align: justify;\"><span style=\"color: #000000;\"><strong>Gest\u00e3o do Capital Humano Intelectual<\/strong><\/span><\/p>\n<\/div>\n<div id=\"id7\" class=\"accordion-collapse collapse show\" aria-labelledby=\"headingThree\" data-bs-parent=\"#accordionExample\">\n<div class=\"accordion-body\" style=\"text-align: justify;\"><span style=\"color: #000000;\">O Capital Humano (Habilidades e compet\u00eancias em gest\u00e3o do capital humano intelectual; Por que aprender \u00e9 importante; A import\u00e2ncia da lideran\u00e7a e do gestor; A qualidade e o capital humano; A gest\u00e3o numa perspectiva democr\u00e1tica do capital humano; O conhecimento na aprendizagem e no desenvolvimento).<\/span><\/div>\n<\/div>\n<\/td>\n<td style=\"width: 232.133%; height: 21px;\"><span style=\"color: #000000;\">\u00a080 hs<\/span><\/td>\n<\/tr>\n<tr style=\"height: 21px;\">\n<th style=\"width: 15.3998%; height: 21px;\"><span style=\"color: #000000;\">\u00a0M\u00f3dulo 8<\/span><\/th>\n<td style=\"width: 78.0077%; height: 21px;\">\n<div class=\"text-accordion\">\n<p style=\"text-align: justify;\"><span style=\"color: #000000;\">Planejamento, Acompanhamento e Avalia\u00e7\u00e3o de Recursos Humanos<\/span><\/p>\n<\/div>\n<div id=\"id8\" class=\"accordion-collapse collapse show\" aria-labelledby=\"headingThree\" data-bs-parent=\"#accordionExample\">\n<div class=\"accordion-body\" style=\"text-align: justify;\"><span style=\"color: #000000;\">Planejamentos em RH; Recrutamento e Sele\u00e7\u00e3o; Admiss\u00e3o; Avalia\u00e7\u00e3o; Desligamento; Legisla\u00e7\u00e3o Trabalhista e Previdenci\u00e1ria; Turnover e Absente\u00edsmo; A Vantagem Competitiva por Meio das Pessoas.<\/span><\/div>\n<\/div>\n<\/td>\n<td style=\"width: 232.133%; height: 21px;\"><span style=\"color: #000000;\">\u00a080 hs<\/span><\/td>\n<\/tr>\n<tr style=\"height: 21px;\">\n<th style=\"width: 15.3998%; height: 21px;\"><span style=\"color: #000000;\">\u00a0M\u00f3dulo 9<\/span><\/th>\n<td style=\"width: 78.0077%; height: 21px;\">\n<div class=\"text-accordion\">\n<p style=\"text-align: justify;\"><span style=\"color: #000000;\"><strong>Introdu\u00e7\u00e3o de Gest\u00e3o De Pessoas<\/strong><\/span><\/p>\n<\/div>\n<div id=\"id9\" class=\"accordion-collapse collapse show\" aria-labelledby=\"headingThree\" data-bs-parent=\"#accordionExample\">\n<div class=\"accordion-body\" style=\"text-align: justify;\"><span style=\"color: #000000;\">Conhecendo a Gest\u00e3o de Pessoas; Gest\u00e3o de Pessoas e <a href=\"https:\/\/cenedcursos.com.br\/posgraduacao\/produto\/gestao-administrativa-e-financeira\/\">organiza\u00e7\u00f5es contempor\u00e2neas<\/a>; Fatores de desenvolvimento da Gest\u00e3o de Pessoas; Afinal, o que \u00e9 Gest\u00e3o de Pessoas?; A pluralidade; da Gest\u00e3o de Pessoas; A implementa\u00e7\u00e3o da gest\u00e3o de pessoas nas organiza\u00e7\u00f5es; As contribui\u00e7\u00f5es da Gest\u00e3o de Pessoas para as organiza\u00e7\u00f5es; Da aplica\u00e7\u00e3o \u00e0 departamentaliza\u00e7\u00e3o; da Gest\u00e3o de Pessoas nas organiza\u00e7\u00f5es; Quais os resultados esperados da Gest\u00e3o de Pessoas?; Processos e estruturas para a Gest\u00e3o Estrat\u00e9gica de Pessoas; Orienta\u00e7\u00f5es pr\u00e1ticas em gest\u00e3o de pessoas; Modelagem do trabalho e Estruturas organizacionais; Recompensando pessoas nas organiza\u00e7\u00f5es; Manter Pessoas nas organiza\u00e7\u00f5es; Relacionamento com colaboradores; Higiene e Seguran\u00e7a do Trabalho.<\/span><\/div>\n<\/div>\n<p><span style=\"color: #000000;\">\u00a0<\/span><\/td>\n<td style=\"width: 232.133%; height: 21px;\"><span style=\"color: #000000;\">\u00a080 hs<\/span><\/td>\n<\/tr>\n<tr style=\"height: 21px;\">\n<th style=\"width: 15.3998%; height: 21px;\"><span style=\"color: #000000;\">\u00a0Carga Hor\u00e1ria Total<\/span><\/th>\n<td style=\"width: 310.141%; height: 21px;\" colspan=\"2\"><span style=\"color: #000000;\"><strong>720 hs\u00a0<\/strong><\/span><\/td>\n<\/tr>\n<\/tbody>\n<\/table>\n<p>&nbsp;<\/p>\n","protected":false},"excerpt":{"rendered":"<h2><\/h2>\n<a data-animate=\"blurIn\" href=\"http:\/\/cenedcursos.com.br\/posgraduacao\/?add-to-cart=17154\" target=\"_self\" class=\"button primary is-larger box-shadow-4 expand\"  >\n    <span>Fa\u00e7a Aqui sua Matr\u00edcula<\/span>\n  <i class=\"icon-shopping-bag\" ><\/i><\/a>\n\n","protected":false},"featured_media":17152,"template":"","meta":{"jetpack_post_was_ever_published":false,"jetpack_publicize_message":"","jetpack_publicize_feature_enabled":true,"jetpack_social_post_already_shared":true,"jetpack_social_options":{"image_generator_settings":{"template":"highway","enabled":false}}},"product_brand":[],"product_cat":[106],"product_tag":[224],"class_list":{"0":"post-17151","1":"product","2":"type-product","3":"status-publish","4":"has-post-thumbnail","6":"product_cat-empresarial","7":"product_tag-engenharia-de-pavimentacao-asfaltica","9":"first","10":"instock","11":"sale","12":"featured","13":"shipping-taxable","14":"product-type-simple"},"jetpack_publicize_connections":[],"yoast_head":"<!-- This site is optimized with the Yoast SEO plugin v22.3 - https:\/\/yoast.com\/wordpress\/plugins\/seo\/ -->\n<title>P\u00f3s-Gradua\u00e7\u00e3o em Gest\u00e3o de Pessoas e Recursos Humanos<\/title>\n<meta name=\"description\" content=\"O curso de P\u00f3s-Gradua\u00e7\u00e3o em Gest\u00e3o de Pessoas e Recursos Humanos tem como objetivo enriquecer os quadros funcionais das empresas, potencializando\" \/>\n<meta name=\"robots\" content=\"index, follow, max-snippet:-1, max-image-preview:large, max-video-preview:-1\" \/>\n<link rel=\"canonical\" href=\"https:\/\/cenedcursos.com.br\/posgraduacao\/produto\/gestao-de-pessoas-e-recursos-humanos\/\" \/>\n<meta property=\"og:locale\" content=\"pt_BR\" \/>\n<meta property=\"og:type\" content=\"article\" \/>\n<meta property=\"og:title\" content=\"Especializa\u00e7\u00e3o Engenharia de Pavimenta\u00e7\u00e3o Asf\u00e1ltica - P\u00f3s Credenciada pelo MEC\" \/>\n<meta property=\"og:description\" content=\"A Especializa\u00e7\u00e3o em Engenharia de Pavimenta\u00e7\u00e3o Asf\u00e1ltica aborda temas como Introdu\u00e7\u00e3o \u00e0 Pavimenta\u00e7\u00e3o Asf\u00e1ltica, Materiais e Agregados para Pavimenta\u00e7\u00e3o\" \/>\n<meta property=\"og:url\" content=\"https:\/\/cenedcursos.com.br\/posgraduacao\/produto\/gestao-de-pessoas-e-recursos-humanos\/\" \/>\n<meta property=\"og:site_name\" content=\"P\u00f3s-Gradua\u00e7\u00e3o \u00e0 Dist\u00e2ncia...Reconhecidos pelo MEC\" \/>\n<meta property=\"article:modified_time\" content=\"2023-02-21T13:23:17+00:00\" \/>\n<meta property=\"og:image\" content=\"https:\/\/cenedcursos.com.br\/posgraduacao\/wp-content\/uploads\/2018\/08\/Engenharia-de-Pavimenta\u00e7\u00e3o-Asf\u00e1ltica.jpg\" \/>\n\t<meta property=\"og:image:width\" content=\"1280\" \/>\n\t<meta property=\"og:image:height\" content=\"878\" \/>\n\t<meta property=\"og:image:type\" content=\"image\/jpeg\" \/>\n<meta name=\"twitter:card\" content=\"summary_large_image\" \/>\n<meta name=\"twitter:title\" content=\"Especializa\u00e7\u00e3o Engenharia de Pavimenta\u00e7\u00e3o Asf\u00e1ltica - P\u00f3s Credenciada pelo MEC\" \/>\n<meta name=\"twitter:description\" content=\"A Especializa\u00e7\u00e3o em Engenharia de Pavimenta\u00e7\u00e3o Asf\u00e1ltica aborda temas como Introdu\u00e7\u00e3o \u00e0 Pavimenta\u00e7\u00e3o Asf\u00e1ltica, Materiais e Agregados para Pavimenta\u00e7\u00e3o\" \/>\n<meta name=\"twitter:image\" content=\"http:\/\/cenedcursos.com.br\/posgraduacao\/wp-content\/uploads\/2018\/08\/Engenharia-de-Pavimenta\u00e7\u00e3o-Asf\u00e1ltica.jpg\" \/>\n<meta name=\"twitter:label1\" content=\"Est. tempo de leitura\" \/>\n\t<meta name=\"twitter:data1\" content=\"4 minutos\" \/>\n<script type=\"application\/ld+json\" class=\"yoast-schema-graph\">{\"@context\":\"https:\/\/schema.org\",\"@graph\":[{\"@type\":\"WebPage\",\"@id\":\"https:\/\/cenedcursos.com.br\/posgraduacao\/produto\/gestao-de-pessoas-e-recursos-humanos\/\",\"url\":\"https:\/\/cenedcursos.com.br\/posgraduacao\/produto\/gestao-de-pessoas-e-recursos-humanos\/\",\"name\":\"P\u00f3s-Gradua\u00e7\u00e3o em Gest\u00e3o de Pessoas e Recursos Humanos\",\"isPartOf\":{\"@id\":\"https:\/\/cenedcursos.com.br\/posgraduacao\/#website\"},\"primaryImageOfPage\":{\"@id\":\"https:\/\/cenedcursos.com.br\/posgraduacao\/produto\/gestao-de-pessoas-e-recursos-humanos\/#primaryimage\"},\"image\":{\"@id\":\"https:\/\/cenedcursos.com.br\/posgraduacao\/produto\/gestao-de-pessoas-e-recursos-humanos\/#primaryimage\"},\"thumbnailUrl\":\"https:\/\/cenedcursos.com.br\/posgraduacao\/wp-content\/uploads\/2023\/02\/pos-graduacao-gestao-de-pessoas-recursos-humanos.jpeg\",\"datePublished\":\"2023-02-21T12:48:56+00:00\",\"dateModified\":\"2023-02-21T13:23:17+00:00\",\"description\":\"O curso de P\u00f3s-Gradua\u00e7\u00e3o em Gest\u00e3o de Pessoas e Recursos Humanos tem como objetivo enriquecer os quadros funcionais das empresas, potencializando\",\"breadcrumb\":{\"@id\":\"https:\/\/cenedcursos.com.br\/posgraduacao\/produto\/gestao-de-pessoas-e-recursos-humanos\/#breadcrumb\"},\"inLanguage\":\"pt-BR\",\"potentialAction\":[{\"@type\":\"ReadAction\",\"target\":[\"https:\/\/cenedcursos.com.br\/posgraduacao\/produto\/gestao-de-pessoas-e-recursos-humanos\/\"]}]},{\"@type\":\"ImageObject\",\"inLanguage\":\"pt-BR\",\"@id\":\"https:\/\/cenedcursos.com.br\/posgraduacao\/produto\/gestao-de-pessoas-e-recursos-humanos\/#primaryimage\",\"url\":\"https:\/\/cenedcursos.com.br\/posgraduacao\/wp-content\/uploads\/2023\/02\/pos-graduacao-gestao-de-pessoas-recursos-humanos.jpeg\",\"contentUrl\":\"https:\/\/cenedcursos.com.br\/posgraduacao\/wp-content\/uploads\/2023\/02\/pos-graduacao-gestao-de-pessoas-recursos-humanos.jpeg\",\"width\":1200,\"height\":811,\"caption\":\"p\u00f3s-gradua\u00e7\u00e3o gest\u00e3o de pessoas recursos humanos\"},{\"@type\":\"BreadcrumbList\",\"@id\":\"https:\/\/cenedcursos.com.br\/posgraduacao\/produto\/gestao-de-pessoas-e-recursos-humanos\/#breadcrumb\",\"itemListElement\":[{\"@type\":\"ListItem\",\"position\":1,\"name\":\"Home\",\"item\":\"https:\/\/cenedcursos.com.br\/posgraduacao\/\"},{\"@type\":\"ListItem\",\"position\":2,\"name\":\"Cursos\",\"item\":\"https:\/\/cenedcursos.com.br\/posgraduacao\/todos-os-cursos\/\"},{\"@type\":\"ListItem\",\"position\":3,\"name\":\"Gest\u00e3o de Pessoas e Recursos Humanos\"}]},{\"@type\":\"WebSite\",\"@id\":\"https:\/\/cenedcursos.com.br\/posgraduacao\/#website\",\"url\":\"https:\/\/cenedcursos.com.br\/posgraduacao\/\",\"name\":\"P\u00f3s-Gradua\u00e7\u00e3o \u00e0 Dist\u00e2ncia...Reconhecidos pelo MEC\",\"description\":\"Diversos Cursos de P\u00f3s-Gradua\u00e7\u00e3o a Dist\u00e2ncia Reconhecidos pelo MEC e certificados pela Universidade C\u00e2ndido Mendes (UCAM)\",\"potentialAction\":[{\"@type\":\"SearchAction\",\"target\":{\"@type\":\"EntryPoint\",\"urlTemplate\":\"https:\/\/cenedcursos.com.br\/posgraduacao\/?s={search_term_string}\"},\"query-input\":\"required name=search_term_string\"}],\"inLanguage\":\"pt-BR\"}]}<\/script>\n<!-- \/ Yoast SEO plugin. -->","yoast_head_json":{"title":"P\u00f3s-Gradua\u00e7\u00e3o em Gest\u00e3o de Pessoas e Recursos Humanos","description":"O curso de P\u00f3s-Gradua\u00e7\u00e3o em Gest\u00e3o de Pessoas e Recursos Humanos tem como objetivo enriquecer os quadros funcionais das empresas, potencializando","robots":{"index":"index","follow":"follow","max-snippet":"max-snippet:-1","max-image-preview":"max-image-preview:large","max-video-preview":"max-video-preview:-1"},"canonical":"https:\/\/cenedcursos.com.br\/posgraduacao\/produto\/gestao-de-pessoas-e-recursos-humanos\/","og_locale":"pt_BR","og_type":"article","og_title":"Especializa\u00e7\u00e3o Engenharia de Pavimenta\u00e7\u00e3o Asf\u00e1ltica - P\u00f3s Credenciada pelo MEC","og_description":"A Especializa\u00e7\u00e3o em Engenharia de Pavimenta\u00e7\u00e3o Asf\u00e1ltica aborda temas como Introdu\u00e7\u00e3o \u00e0 Pavimenta\u00e7\u00e3o Asf\u00e1ltica, Materiais e Agregados para Pavimenta\u00e7\u00e3o","og_url":"https:\/\/cenedcursos.com.br\/posgraduacao\/produto\/gestao-de-pessoas-e-recursos-humanos\/","og_site_name":"P\u00f3s-Gradua\u00e7\u00e3o \u00e0 Dist\u00e2ncia...Reconhecidos pelo MEC","article_modified_time":"2023-02-21T13:23:17+00:00","og_image":[{"width":1280,"height":878,"url":"https:\/\/cenedcursos.com.br\/posgraduacao\/wp-content\/uploads\/2018\/08\/Engenharia-de-Pavimenta\u00e7\u00e3o-Asf\u00e1ltica.jpg","type":"image\/jpeg"}],"twitter_card":"summary_large_image","twitter_title":"Especializa\u00e7\u00e3o Engenharia de Pavimenta\u00e7\u00e3o Asf\u00e1ltica - P\u00f3s Credenciada pelo MEC","twitter_description":"A Especializa\u00e7\u00e3o em Engenharia de Pavimenta\u00e7\u00e3o Asf\u00e1ltica aborda temas como Introdu\u00e7\u00e3o \u00e0 Pavimenta\u00e7\u00e3o Asf\u00e1ltica, Materiais e Agregados para Pavimenta\u00e7\u00e3o","twitter_image":"http:\/\/cenedcursos.com.br\/posgraduacao\/wp-content\/uploads\/2018\/08\/Engenharia-de-Pavimenta\u00e7\u00e3o-Asf\u00e1ltica.jpg","twitter_misc":{"Est. tempo de leitura":"4 minutos"},"schema":{"@context":"https:\/\/schema.org","@graph":[{"@type":"WebPage","@id":"https:\/\/cenedcursos.com.br\/posgraduacao\/produto\/gestao-de-pessoas-e-recursos-humanos\/","url":"https:\/\/cenedcursos.com.br\/posgraduacao\/produto\/gestao-de-pessoas-e-recursos-humanos\/","name":"P\u00f3s-Gradua\u00e7\u00e3o em Gest\u00e3o de Pessoas e Recursos Humanos","isPartOf":{"@id":"https:\/\/cenedcursos.com.br\/posgraduacao\/#website"},"primaryImageOfPage":{"@id":"https:\/\/cenedcursos.com.br\/posgraduacao\/produto\/gestao-de-pessoas-e-recursos-humanos\/#primaryimage"},"image":{"@id":"https:\/\/cenedcursos.com.br\/posgraduacao\/produto\/gestao-de-pessoas-e-recursos-humanos\/#primaryimage"},"thumbnailUrl":"https:\/\/cenedcursos.com.br\/posgraduacao\/wp-content\/uploads\/2023\/02\/pos-graduacao-gestao-de-pessoas-recursos-humanos.jpeg","datePublished":"2023-02-21T12:48:56+00:00","dateModified":"2023-02-21T13:23:17+00:00","description":"O curso de P\u00f3s-Gradua\u00e7\u00e3o em Gest\u00e3o de Pessoas e Recursos Humanos tem como objetivo enriquecer os quadros funcionais das empresas, potencializando","breadcrumb":{"@id":"https:\/\/cenedcursos.com.br\/posgraduacao\/produto\/gestao-de-pessoas-e-recursos-humanos\/#breadcrumb"},"inLanguage":"pt-BR","potentialAction":[{"@type":"ReadAction","target":["https:\/\/cenedcursos.com.br\/posgraduacao\/produto\/gestao-de-pessoas-e-recursos-humanos\/"]}]},{"@type":"ImageObject","inLanguage":"pt-BR","@id":"https:\/\/cenedcursos.com.br\/posgraduacao\/produto\/gestao-de-pessoas-e-recursos-humanos\/#primaryimage","url":"https:\/\/cenedcursos.com.br\/posgraduacao\/wp-content\/uploads\/2023\/02\/pos-graduacao-gestao-de-pessoas-recursos-humanos.jpeg","contentUrl":"https:\/\/cenedcursos.com.br\/posgraduacao\/wp-content\/uploads\/2023\/02\/pos-graduacao-gestao-de-pessoas-recursos-humanos.jpeg","width":1200,"height":811,"caption":"p\u00f3s-gradua\u00e7\u00e3o gest\u00e3o de pessoas recursos humanos"},{"@type":"BreadcrumbList","@id":"https:\/\/cenedcursos.com.br\/posgraduacao\/produto\/gestao-de-pessoas-e-recursos-humanos\/#breadcrumb","itemListElement":[{"@type":"ListItem","position":1,"name":"Home","item":"https:\/\/cenedcursos.com.br\/posgraduacao\/"},{"@type":"ListItem","position":2,"name":"Cursos","item":"https:\/\/cenedcursos.com.br\/posgraduacao\/todos-os-cursos\/"},{"@type":"ListItem","position":3,"name":"Gest\u00e3o de Pessoas e Recursos Humanos"}]},{"@type":"WebSite","@id":"https:\/\/cenedcursos.com.br\/posgraduacao\/#website","url":"https:\/\/cenedcursos.com.br\/posgraduacao\/","name":"P\u00f3s-Gradua\u00e7\u00e3o \u00e0 Dist\u00e2ncia...Reconhecidos pelo MEC","description":"Diversos Cursos de P\u00f3s-Gradua\u00e7\u00e3o a Dist\u00e2ncia Reconhecidos pelo MEC e certificados pela Universidade C\u00e2ndido Mendes (UCAM)","potentialAction":[{"@type":"SearchAction","target":{"@type":"EntryPoint","urlTemplate":"https:\/\/cenedcursos.com.br\/posgraduacao\/?s={search_term_string}"},"query-input":"required name=search_term_string"}],"inLanguage":"pt-BR"}]}},"jetpack_sharing_enabled":true,"_links":{"self":[{"href":"https:\/\/cenedcursos.com.br\/posgraduacao\/wp-json\/wp\/v2\/product\/17151","targetHints":{"allow":["GET"]}}],"collection":[{"href":"https:\/\/cenedcursos.com.br\/posgraduacao\/wp-json\/wp\/v2\/product"}],"about":[{"href":"https:\/\/cenedcursos.com.br\/posgraduacao\/wp-json\/wp\/v2\/types\/product"}],"wp:featuredmedia":[{"embeddable":true,"href":"https:\/\/cenedcursos.com.br\/posgraduacao\/wp-json\/wp\/v2\/media\/17152"}],"wp:attachment":[{"href":"https:\/\/cenedcursos.com.br\/posgraduacao\/wp-json\/wp\/v2\/media?parent=17151"}],"wp:term":[{"taxonomy":"product_brand","embeddable":true,"href":"https:\/\/cenedcursos.com.br\/posgraduacao\/wp-json\/wp\/v2\/product_brand?post=17151"},{"taxonomy":"product_cat","embeddable":true,"href":"https:\/\/cenedcursos.com.br\/posgraduacao\/wp-json\/wp\/v2\/product_cat?post=17151"},{"taxonomy":"product_tag","embeddable":true,"href":"https:\/\/cenedcursos.com.br\/posgraduacao\/wp-json\/wp\/v2\/product_tag?post=17151"}],"curies":[{"name":"wp","href":"https:\/\/api.w.org\/{rel}","templated":true}]}}